{"id":193647,"date":"2024-12-19T13:31:30","date_gmt":"2024-12-19T12:31:30","guid":{"rendered":"https:\/\/danone.cz\/web\/?page_id=193647"},"modified":"2024-12-19T13:33:20","modified_gmt":"2024-12-19T12:33:20","slug":"yopro","status":"publish","type":"page","link":"https:\/\/danone.cz\/web\/yopro\/","title":{"rendered":"YoPRO"},"content":{"rendered":"\t\t<div data-elementor-type=\"wp-page\" data-elementor-id=\"193647\" class=\"elementor elementor-193647\" data-elementor-post-type=\"page\">\n\t\t\t\t\t\t<section class=\"elementor-section elementor-top-section elementor-element elementor-element-2dac876 elementor-section-boxed elementor-section-height-default elementor-section-height-default\" data-id=\"2dac876\" data-element_type=\"section\">\n\t\t\t\t\t\t<div class=\"elementor-container elementor-column-gap-default\">\n\t\t\t\t\t<div class=\"elementor-column elementor-col-100 elementor-top-column elementor-element elementor-element-41833e6\" data-id=\"41833e6\" data-element_type=\"column\">\n\t\t\t<div class=\"elementor-widget-wrap elementor-element-populated\">\n\t\t\t\t\t\t<div class=\"elementor-element elementor-element-db4dcf2 elementor-widget elementor-widget-heading\" data-id=\"db4dcf2\" data-element_type=\"widget\" data-widget_type=\"heading.default\">\n\t\t\t\t<div class=\"elementor-widget-container\">\n\t\t\t\t\t<h2 class=\"elementor-heading-title elementor-size-default\">YoPRO<\/h2>\t\t\t\t<\/div>\n\t\t\t\t<\/div>\n\t\t\t\t\t<\/div>\n\t\t<\/div>\n\t\t\t\t\t<\/div>\n\t\t<\/section>\n\t\t\t\t<section class=\"elementor-section elementor-top-section elementor-element elementor-element-12d7c98 elementor-section-boxed elementor-section-height-default elementor-section-height-default\" data-id=\"12d7c98\" data-element_type=\"section\">\n\t\t\t\t\t\t<div class=\"elementor-container elementor-column-gap-default\">\n\t\t\t\t\t<div class=\"elementor-column elementor-col-100 elementor-top-column elementor-element elementor-element-d8777a2\" data-id=\"d8777a2\" data-element_type=\"column\">\n\t\t\t<div class=\"elementor-widget-wrap elementor-element-populated\">\n\t\t\t\t\t\t<div class=\"elementor-element elementor-element-31a4a5d elementor-widget-divider--view-line elementor-widget elementor-widget-divider\" data-id=\"31a4a5d\" data-element_type=\"widget\" data-widget_type=\"divider.default\">\n\t\t\t\t<div class=\"elementor-widget-container\">\n\t\t\t\t\t\t\t<div class=\"elementor-divider\">\n\t\t\t<span class=\"elementor-divider-separator\">\n\t\t\t\t\t\t<\/span>\n\t\t<\/div>\n\t\t\t\t\t\t<\/div>\n\t\t\t\t<\/div>\n\t\t\t\t\t<\/div>\n\t\t<\/div>\n\t\t\t\t\t<\/div>\n\t\t<\/section>\n\t\t\t\t<section class=\"elementor-section elementor-top-section elementor-element elementor-element-08e57a7 elementor-section-boxed elementor-section-height-default elementor-section-height-default\" data-id=\"08e57a7\" data-element_type=\"section\">\n\t\t\t\t\t\t<div class=\"elementor-container elementor-column-gap-default\">\n\t\t\t\t\t<div class=\"elementor-column elementor-col-100 elementor-top-column elementor-element elementor-element-3bb8980\" data-id=\"3bb8980\" data-element_type=\"column\">\n\t\t\t<div class=\"elementor-widget-wrap elementor-element-populated\">\n\t\t\t\t\t\t<div class=\"elementor-element elementor-element-9d78b3c elementor-widget elementor-widget-text-editor\" data-id=\"9d78b3c\" data-element_type=\"widget\" data-widget_type=\"text-editor.default\">\n\t\t\t\t<div class=\"elementor-widget-container\">\n\t\t\t\t\t\t\t\t\t<p>Nab\u00edz\u00edme v\u00e1m kvalitn\u00ed a nutri\u010dn\u011b vyv\u00e1\u017een\u00e9 produkty, kter\u00e9 v\u00e1m pom\u00e1haj\u00ed na cest\u011b k dosa\u017een\u00ed vytou\u017een\u00e9ho c\u00edle. Klademe d\u016fraz na kvalitn\u00ed suroviny, proto jsou na\u0161e v\u00fdrobky bez p\u0159idan\u00e9ho cukru a s n\u00edzk\u00fdm obsahem tuku.<\/p><p>\u010c\u00edm kvalitn\u011bj\u0161\u00ed palivo, t\u00edm lep\u0161\u00ed v\u00fdkon. Pom\u016f\u017eeme v\u00e1m dodat do t\u011bla b\u00edlkoviny a vy si vyberete, v jak\u00e9 form\u011b a s jakou p\u0159\u00edchut\u00ed.<\/p>\t\t\t\t\t\t\t\t<\/div>\n\t\t\t\t<\/div>\n\t\t\t\t\t<\/div>\n\t\t<\/div>\n\t\t\t\t\t<\/div>\n\t\t<\/section>\n\t\t\t\t<section class=\"elementor-section elementor-top-section elementor-element elementor-element-e20cb87 elementor-section-boxed elementor-section-height-default elementor-section-height-default\" data-id=\"e20cb87\" data-element_type=\"section\">\n\t\t\t\t\t\t<div class=\"elementor-container elementor-column-gap-default\">\n\t\t\t\t\t<div class=\"elementor-column elementor-col-100 elementor-top-column elementor-element elementor-element-4aa75c6\" data-id=\"4aa75c6\" data-element_type=\"column\">\n\t\t\t<div class=\"elementor-widget-wrap elementor-element-populated\">\n\t\t\t\t\t\t<div class=\"elementor-element elementor-element-7fc337f elementor-widget elementor-widget-button\" data-id=\"7fc337f\" data-element_type=\"widget\" data-widget_type=\"button.default\">\n\t\t\t\t<div class=\"elementor-widget-container\">\n\t\t\t\t\t\t\t\t\t<div class=\"elementor-button-wrapper\">\n\t\t\t\t\t<a class=\"elementor-button elementor-button-link elementor-size-sm\" href=\"https:\/\/www.yopro.sk\/\">\n\t\t\t\t\t\t<span class=\"elementor-button-content-wrapper\">\n\t\t\t\t\t\t\t\t\t<span class=\"elementor-button-text\">V\u00edce informac\u00ed na yopro.sk<\/span>\n\t\t\t\t\t<\/span>\n\t\t\t\t\t<\/a>\n\t\t\t\t<\/div>\n\t\t\t\t\t\t\t\t<\/div>\n\t\t\t\t<\/div>\n\t\t\t\t\t<\/div>\n\t\t<\/div>\n\t\t\t\t\t<\/div>\n\t\t<\/section>\n\t\t\t\t<\/div>\n\t\t","protected":false},"excerpt":{"rendered":"<p>YoPRO Nab\u00edz\u00edme v\u00e1m kvalitn\u00ed a nutri\u010dn\u011b vyv\u00e1\u017een\u00e9 produkty, kter\u00e9 v\u00e1m pom\u00e1haj\u00ed na cest\u011b k dosa\u017een\u00ed vytou\u017een\u00e9ho c\u00edle. Klademe d\u016fraz na kvalitn\u00ed suroviny, proto jsou na\u0161e v\u00fdrobky bez p\u0159idan\u00e9ho cukru a s n\u00edzk\u00fdm obsahem tuku. \u010c\u00edm kvalitn\u011bj\u0161\u00ed palivo, t\u00edm lep\u0161\u00ed v\u00fdkon. Pom\u016f\u017eeme v\u00e1m dodat do t\u011bla b\u00edlkoviny a vy si vyberete, v jak\u00e9 form\u011b a s [&hellip;]<\/p>\n","protected":false},"author":32,"featured_media":0,"parent":0,"menu_order":0,"comment_status":"closed","ping_status":"closed","template":"","meta":{"footnotes":""},"class_list":["post-193647","page","type-page","status-publish","hentry"],"acf":[],"_links":{"self":[{"href":"https:\/\/danone.cz\/web\/wp-json\/wp\/v2\/pages\/193647","targetHints":{"allow":["GET"]}}],"collection":[{"href":"https:\/\/danone.cz\/web\/wp-json\/wp\/v2\/pages"}],"about":[{"href":"https:\/\/danone.cz\/web\/wp-json\/wp\/v2\/types\/page"}],"author":[{"embeddable":true,"href":"https:\/\/danone.cz\/web\/wp-json\/wp\/v2\/users\/32"}],"replies":[{"embeddable":true,"href":"https:\/\/danone.cz\/web\/wp-json\/wp\/v2\/comments?post=193647"}],"version-history":[{"count":4,"href":"https:\/\/danone.cz\/web\/wp-json\/wp\/v2\/pages\/193647\/revisions"}],"predecessor-version":[{"id":193651,"href":"https:\/\/danone.cz\/web\/wp-json\/wp\/v2\/pages\/193647\/revisions\/193651"}],"wp:attachment":[{"href":"https:\/\/danone.cz\/web\/wp-json\/wp\/v2\/media?parent=193647"}],"curies":[{"name":"wp","href":"https:\/\/api.w.org\/{rel}","templated":true}]}}