{"id":193642,"date":"2024-12-19T13:29:35","date_gmt":"2024-12-19T12:29:35","guid":{"rendered":"https:\/\/danone.cz\/web\/?page_id=193642"},"modified":"2024-12-19T13:31:05","modified_gmt":"2024-12-19T12:31:05","slug":"alpro","status":"publish","type":"page","link":"https:\/\/danone.cz\/web\/alpro\/","title":{"rendered":"ALPRO"},"content":{"rendered":"\t\t<div data-elementor-type=\"wp-page\" data-elementor-id=\"193642\" class=\"elementor elementor-193642\" data-elementor-post-type=\"page\">\n\t\t\t\t\t\t<section class=\"elementor-section elementor-top-section elementor-element elementor-element-581d1c7 elementor-section-boxed elementor-section-height-default elementor-section-height-default\" data-id=\"581d1c7\" data-element_type=\"section\">\n\t\t\t\t\t\t<div class=\"elementor-container elementor-column-gap-default\">\n\t\t\t\t\t<div class=\"elementor-column elementor-col-100 elementor-top-column elementor-element elementor-element-7aef7c2\" data-id=\"7aef7c2\" data-element_type=\"column\">\n\t\t\t<div class=\"elementor-widget-wrap elementor-element-populated\">\n\t\t\t\t\t\t<div class=\"elementor-element elementor-element-cdd42b7 elementor-widget elementor-widget-heading\" data-id=\"cdd42b7\" data-element_type=\"widget\" data-widget_type=\"heading.default\">\n\t\t\t\t<div class=\"elementor-widget-container\">\n\t\t\t\t\t<h2 class=\"elementor-heading-title elementor-size-default\">Alpro<\/h2>\t\t\t\t<\/div>\n\t\t\t\t<\/div>\n\t\t\t\t\t<\/div>\n\t\t<\/div>\n\t\t\t\t\t<\/div>\n\t\t<\/section>\n\t\t\t\t<section class=\"elementor-section elementor-top-section elementor-element elementor-element-44cbe30 elementor-section-boxed elementor-section-height-default elementor-section-height-default\" data-id=\"44cbe30\" data-element_type=\"section\">\n\t\t\t\t\t\t<div class=\"elementor-container elementor-column-gap-default\">\n\t\t\t\t\t<div class=\"elementor-column elementor-col-100 elementor-top-column elementor-element elementor-element-da5fcca\" data-id=\"da5fcca\" data-element_type=\"column\">\n\t\t\t<div class=\"elementor-widget-wrap elementor-element-populated\">\n\t\t\t\t\t\t<div class=\"elementor-element elementor-element-7bcd2b8 elementor-widget-divider--view-line elementor-widget elementor-widget-divider\" data-id=\"7bcd2b8\" data-element_type=\"widget\" data-widget_type=\"divider.default\">\n\t\t\t\t<div class=\"elementor-widget-container\">\n\t\t\t\t\t\t\t<div class=\"elementor-divider\">\n\t\t\t<span class=\"elementor-divider-separator\">\n\t\t\t\t\t\t<\/span>\n\t\t<\/div>\n\t\t\t\t\t\t<\/div>\n\t\t\t\t<\/div>\n\t\t\t\t\t<\/div>\n\t\t<\/div>\n\t\t\t\t\t<\/div>\n\t\t<\/section>\n\t\t\t\t<section class=\"elementor-section elementor-top-section elementor-element elementor-element-51f99e9 elementor-section-boxed elementor-section-height-default elementor-section-height-default\" data-id=\"51f99e9\" data-element_type=\"section\">\n\t\t\t\t\t\t<div class=\"elementor-container elementor-column-gap-default\">\n\t\t\t\t\t<div class=\"elementor-column elementor-col-100 elementor-top-column elementor-element elementor-element-9cb7d76\" data-id=\"9cb7d76\" data-element_type=\"column\">\n\t\t\t<div class=\"elementor-widget-wrap elementor-element-populated\">\n\t\t\t\t\t\t<div class=\"elementor-element elementor-element-9d1ff63 elementor-widget elementor-widget-text-editor\" data-id=\"9d1ff63\" data-element_type=\"widget\" data-widget_type=\"text-editor.default\">\n\t\t\t\t<div class=\"elementor-widget-container\">\n\t\t\t\t\t\t\t\t\t<p>Zn\u00e1me budoucnost a je rostlinn\u00e1. V ALPRO chceme inspirovat kohokoli na t\u00e9to planet\u011b, kdo m\u00e1 chu\u0165 n\u011bco zm\u011bnit. I mal\u00fd rostlinn\u00fd krok m\u016f\u017ee znamenat velkou zm\u011bnu! D\u00edky na\u0161im rostlinn\u00fdm potravin\u00e1m se m\u016f\u017eete c\u00edtit skv\u011ble, jsou dobr\u00e9 pro v\u00e1s, ale i pro planetu.<\/p><p>ALPRO, to jsou n\u00e1poje, dezerty a fermentovan\u00e9 produkty 100 % rostlinn\u00e9ho p\u016fvodu \u2013 s\u00f3ji, mandl\u00ed, kokosu, l\u00edskov\u00fdch a ke\u0161u o\u0159ech\u016f, r\u00fd\u017ee a ovsa.<br \/>V ALPRO chceme pokra\u010dovat ve zm\u011bn\u011b zp\u016fsob\u016f stravov\u00e1n\u00ed ve sv\u011bt\u011b k lep\u0161\u00edmu a to t\u00edm, \u017ee budeme vyr\u00e1b\u011bt rostlinn\u00e9 produkty, kter\u00e9 dob\u0159e chutnaj\u00ed a jsou dobr\u00e9 pro na\u0161e zdrav\u00ed. ALPRO v\u00fdrobky jsou skv\u011bl\u00fdm \u0159e\u0161en\u00edm pro lidi s n\u00e1ro\u010dn\u00fdmi nutri\u010dn\u00edmi pot\u0159ebami, nap\u0159\u00edklad s nesn\u00e1\u0161enlivost\u00ed lakt\u00f3zy. V\u011bt\u0161ina na\u0161ich produkt\u016f neobsahuje lepek (krom\u011b ovesn\u00fdch n\u00e1poj\u016f) a m\u00e1 n\u00edzk\u00fd obsah nasycen\u00fdch tuk\u016f. Na\u0161e produkty obsahuj\u00ed i v\u00e1pn\u00edk, kter\u00fd je pot\u0159ebn\u00fd pro udr\u017een\u00ed norm\u00e1ln\u00edho stavu kost\u00ed.<\/p>\t\t\t\t\t\t\t\t<\/div>\n\t\t\t\t<\/div>\n\t\t\t\t\t<\/div>\n\t\t<\/div>\n\t\t\t\t\t<\/div>\n\t\t<\/section>\n\t\t\t\t<section class=\"elementor-section elementor-top-section elementor-element elementor-element-8d758c1 elementor-section-boxed elementor-section-height-default elementor-section-height-default\" data-id=\"8d758c1\" data-element_type=\"section\">\n\t\t\t\t\t\t<div class=\"elementor-container elementor-column-gap-default\">\n\t\t\t\t\t<div class=\"elementor-column elementor-col-100 elementor-top-column elementor-element elementor-element-b572154\" data-id=\"b572154\" data-element_type=\"column\">\n\t\t\t<div class=\"elementor-widget-wrap elementor-element-populated\">\n\t\t\t\t\t\t<div class=\"elementor-element elementor-element-909b64a elementor-widget elementor-widget-button\" data-id=\"909b64a\" data-element_type=\"widget\" data-widget_type=\"button.default\">\n\t\t\t\t<div class=\"elementor-widget-container\">\n\t\t\t\t\t\t\t\t\t<div class=\"elementor-button-wrapper\">\n\t\t\t\t\t<a class=\"elementor-button elementor-button-link elementor-size-sm\" href=\"https:\/\/www.alpro.com\/cz\">\n\t\t\t\t\t\t<span class=\"elementor-button-content-wrapper\">\n\t\t\t\t\t\t\t\t\t<span class=\"elementor-button-text\">V\u00edce informac\u00ed na alpro.cz<\/span>\n\t\t\t\t\t<\/span>\n\t\t\t\t\t<\/a>\n\t\t\t\t<\/div>\n\t\t\t\t\t\t\t\t<\/div>\n\t\t\t\t<\/div>\n\t\t\t\t\t<\/div>\n\t\t<\/div>\n\t\t\t\t\t<\/div>\n\t\t<\/section>\n\t\t\t\t<\/div>\n\t\t","protected":false},"excerpt":{"rendered":"<p>Alpro Zn\u00e1me budoucnost a je rostlinn\u00e1. V ALPRO chceme inspirovat kohokoli na t\u00e9to planet\u011b, kdo m\u00e1 chu\u0165 n\u011bco zm\u011bnit. I mal\u00fd rostlinn\u00fd krok m\u016f\u017ee znamenat velkou zm\u011bnu! D\u00edky na\u0161im rostlinn\u00fdm potravin\u00e1m se m\u016f\u017eete c\u00edtit skv\u011ble, jsou dobr\u00e9 pro v\u00e1s, ale i pro planetu. ALPRO, to jsou n\u00e1poje, dezerty a fermentovan\u00e9 produkty 100 % rostlinn\u00e9ho p\u016fvodu [&hellip;]<\/p>\n","protected":false},"author":32,"featured_media":0,"parent":0,"menu_order":0,"comment_status":"closed","ping_status":"closed","template":"","meta":{"footnotes":""},"class_list":["post-193642","page","type-page","status-publish","hentry"],"acf":[],"_links":{"self":[{"href":"https:\/\/danone.cz\/web\/wp-json\/wp\/v2\/pages\/193642","targetHints":{"allow":["GET"]}}],"collection":[{"href":"https:\/\/danone.cz\/web\/wp-json\/wp\/v2\/pages"}],"about":[{"href":"https:\/\/danone.cz\/web\/wp-json\/wp\/v2\/types\/page"}],"author":[{"embeddable":true,"href":"https:\/\/danone.cz\/web\/wp-json\/wp\/v2\/users\/32"}],"replies":[{"embeddable":true,"href":"https:\/\/danone.cz\/web\/wp-json\/wp\/v2\/comments?post=193642"}],"version-history":[{"count":4,"href":"https:\/\/danone.cz\/web\/wp-json\/wp\/v2\/pages\/193642\/revisions"}],"predecessor-version":[{"id":193646,"href":"https:\/\/danone.cz\/web\/wp-json\/wp\/v2\/pages\/193642\/revisions\/193646"}],"wp:attachment":[{"href":"https:\/\/danone.cz\/web\/wp-json\/wp\/v2\/media?parent=193642"}],"curies":[{"name":"wp","href":"https:\/\/api.w.org\/{rel}","templated":true}]}}