{"id":193629,"date":"2024-12-19T13:25:14","date_gmt":"2024-12-19T12:25:14","guid":{"rendered":"https:\/\/danone.cz\/web\/?page_id=193629"},"modified":"2024-12-19T13:26:54","modified_gmt":"2024-12-19T12:26:54","slug":"actimel","status":"publish","type":"page","link":"https:\/\/danone.cz\/web\/actimel\/","title":{"rendered":"ACTIMEL"},"content":{"rendered":"\t\t<div data-elementor-type=\"wp-page\" data-elementor-id=\"193629\" class=\"elementor elementor-193629\" data-elementor-post-type=\"page\">\n\t\t\t\t\t\t<section class=\"elementor-section elementor-top-section elementor-element elementor-element-e603e49 elementor-section-boxed elementor-section-height-default elementor-section-height-default\" data-id=\"e603e49\" data-element_type=\"section\">\n\t\t\t\t\t\t<div class=\"elementor-container elementor-column-gap-default\">\n\t\t\t\t\t<div class=\"elementor-column elementor-col-100 elementor-top-column elementor-element elementor-element-a7a2215\" data-id=\"a7a2215\" data-element_type=\"column\">\n\t\t\t<div class=\"elementor-widget-wrap elementor-element-populated\">\n\t\t\t\t\t\t<div class=\"elementor-element elementor-element-5c5cc79 elementor-widget elementor-widget-heading\" data-id=\"5c5cc79\" data-element_type=\"widget\" data-widget_type=\"heading.default\">\n\t\t\t\t<div class=\"elementor-widget-container\">\n\t\t\t\t\t<h2 class=\"elementor-heading-title elementor-size-default\">Actimel<\/h2>\t\t\t\t<\/div>\n\t\t\t\t<\/div>\n\t\t\t\t\t<\/div>\n\t\t<\/div>\n\t\t\t\t\t<\/div>\n\t\t<\/section>\n\t\t\t\t<section class=\"elementor-section elementor-top-section elementor-element elementor-element-930cb6b elementor-section-boxed elementor-section-height-default elementor-section-height-default\" data-id=\"930cb6b\" data-element_type=\"section\">\n\t\t\t\t\t\t<div class=\"elementor-container elementor-column-gap-default\">\n\t\t\t\t\t<div class=\"elementor-column elementor-col-100 elementor-top-column elementor-element elementor-element-f0c266b\" data-id=\"f0c266b\" data-element_type=\"column\">\n\t\t\t<div class=\"elementor-widget-wrap elementor-element-populated\">\n\t\t\t\t\t\t<div class=\"elementor-element elementor-element-b3a86a4 elementor-widget-divider--view-line elementor-widget elementor-widget-divider\" data-id=\"b3a86a4\" data-element_type=\"widget\" data-widget_type=\"divider.default\">\n\t\t\t\t<div class=\"elementor-widget-container\">\n\t\t\t\t\t\t\t<div class=\"elementor-divider\">\n\t\t\t<span class=\"elementor-divider-separator\">\n\t\t\t\t\t\t<\/span>\n\t\t<\/div>\n\t\t\t\t\t\t<\/div>\n\t\t\t\t<\/div>\n\t\t\t\t\t<\/div>\n\t\t<\/div>\n\t\t\t\t\t<\/div>\n\t\t<\/section>\n\t\t\t\t<section class=\"elementor-section elementor-top-section elementor-element elementor-element-69e86c0 elementor-section-boxed elementor-section-height-default elementor-section-height-default\" data-id=\"69e86c0\" data-element_type=\"section\">\n\t\t\t\t\t\t<div class=\"elementor-container elementor-column-gap-default\">\n\t\t\t\t\t<div class=\"elementor-column elementor-col-100 elementor-top-column elementor-element elementor-element-95e2db4\" data-id=\"95e2db4\" data-element_type=\"column\">\n\t\t\t<div class=\"elementor-widget-wrap elementor-element-populated\">\n\t\t\t\t\t\t<div class=\"elementor-element elementor-element-b9795e1 elementor-widget elementor-widget-text-editor\" data-id=\"b9795e1\" data-element_type=\"widget\" data-widget_type=\"text-editor.default\">\n\t\t\t\t<div class=\"elementor-widget-container\">\n\t\t\t\t\t\t\t\t\t<p>Actimel je lahodn\u00fd jogurtov\u00fd n\u00e1poj, kter\u00fd obsahuje 20 miliard \u017eiv\u00fdch kultur L. Casei Danone. Slo\u017een\u00ed Actimelu je nav\u00edc obohaceno o vitam\u00edny B6 a D, kter\u00e9 p\u0159isp\u00edvaj\u00ed ke spr\u00e1vn\u00e9 funkci imunitn\u00edho syst\u00e9mu. Spr\u00e1vn\u00e1 funkce imunitn\u00edho syst\u00e9mu je z\u00e1kladem pro zdrav\u00ed ka\u017ed\u00e9ho \u010dlov\u011bka, proto je Actimel s vitam\u00edny ide\u00e1ln\u00edm ka\u017edodenn\u00edm dopl\u0148kem vyv\u00e1\u017een\u00e9 stravy a zdrav\u00e9ho \u017eivotn\u00edho stylu. Je v\u00fdborn\u00fdm zpest\u0159en\u00edm sn\u00eddan\u011b, ale m\u016f\u017eete se j\u00edm osv\u011b\u017eit kdykoliv b\u011bhem dne.<\/p>\t\t\t\t\t\t\t\t<\/div>\n\t\t\t\t<\/div>\n\t\t\t\t\t<\/div>\n\t\t<\/div>\n\t\t\t\t\t<\/div>\n\t\t<\/section>\n\t\t\t\t<section class=\"elementor-section elementor-top-section elementor-element elementor-element-04a5c40 elementor-section-boxed elementor-section-height-default elementor-section-height-default\" data-id=\"04a5c40\" data-element_type=\"section\">\n\t\t\t\t\t\t<div class=\"elementor-container elementor-column-gap-default\">\n\t\t\t\t\t<div class=\"elementor-column elementor-col-100 elementor-top-column elementor-element elementor-element-a93edc2\" data-id=\"a93edc2\" data-element_type=\"column\">\n\t\t\t<div class=\"elementor-widget-wrap elementor-element-populated\">\n\t\t\t\t\t\t<div class=\"elementor-element elementor-element-c79fbec elementor-widget elementor-widget-button\" data-id=\"c79fbec\" data-element_type=\"widget\" data-widget_type=\"button.default\">\n\t\t\t\t<div class=\"elementor-widget-container\">\n\t\t\t\t\t\t\t\t\t<div class=\"elementor-button-wrapper\">\n\t\t\t\t\t<a class=\"elementor-button elementor-button-link elementor-size-sm\" href=\"https:\/\/actimel.cz\/\">\n\t\t\t\t\t\t<span class=\"elementor-button-content-wrapper\">\n\t\t\t\t\t\t\t\t\t<span class=\"elementor-button-text\">V\u00edce informac\u00ed na actimel.cz<\/span>\n\t\t\t\t\t<\/span>\n\t\t\t\t\t<\/a>\n\t\t\t\t<\/div>\n\t\t\t\t\t\t\t\t<\/div>\n\t\t\t\t<\/div>\n\t\t\t\t\t<\/div>\n\t\t<\/div>\n\t\t\t\t\t<\/div>\n\t\t<\/section>\n\t\t\t\t<\/div>\n\t\t","protected":false},"excerpt":{"rendered":"<p>Actimel Actimel je lahodn\u00fd jogurtov\u00fd n\u00e1poj, kter\u00fd obsahuje 20 miliard \u017eiv\u00fdch kultur L. Casei Danone. Slo\u017een\u00ed Actimelu je nav\u00edc obohaceno o vitam\u00edny B6 a D, kter\u00e9 p\u0159isp\u00edvaj\u00ed ke spr\u00e1vn\u00e9 funkci imunitn\u00edho syst\u00e9mu. Spr\u00e1vn\u00e1 funkce imunitn\u00edho syst\u00e9mu je z\u00e1kladem pro zdrav\u00ed ka\u017ed\u00e9ho \u010dlov\u011bka, proto je Actimel s vitam\u00edny ide\u00e1ln\u00edm ka\u017edodenn\u00edm dopl\u0148kem vyv\u00e1\u017een\u00e9 stravy a zdrav\u00e9ho \u017eivotn\u00edho [&hellip;]<\/p>\n","protected":false},"author":32,"featured_media":0,"parent":0,"menu_order":0,"comment_status":"closed","ping_status":"closed","template":"","meta":{"footnotes":""},"class_list":["post-193629","page","type-page","status-publish","hentry"],"acf":[],"_links":{"self":[{"href":"https:\/\/danone.cz\/web\/wp-json\/wp\/v2\/pages\/193629","targetHints":{"allow":["GET"]}}],"collection":[{"href":"https:\/\/danone.cz\/web\/wp-json\/wp\/v2\/pages"}],"about":[{"href":"https:\/\/danone.cz\/web\/wp-json\/wp\/v2\/types\/page"}],"author":[{"embeddable":true,"href":"https:\/\/danone.cz\/web\/wp-json\/wp\/v2\/users\/32"}],"replies":[{"embeddable":true,"href":"https:\/\/danone.cz\/web\/wp-json\/wp\/v2\/comments?post=193629"}],"version-history":[{"count":7,"href":"https:\/\/danone.cz\/web\/wp-json\/wp\/v2\/pages\/193629\/revisions"}],"predecessor-version":[{"id":193636,"href":"https:\/\/danone.cz\/web\/wp-json\/wp\/v2\/pages\/193629\/revisions\/193636"}],"wp:attachment":[{"href":"https:\/\/danone.cz\/web\/wp-json\/wp\/v2\/media?parent=193629"}],"curies":[{"name":"wp","href":"https:\/\/api.w.org\/{rel}","templated":true}]}}