{"id":192753,"date":"2020-12-16T18:38:29","date_gmt":"2020-12-16T17:38:29","guid":{"rendered":"https:\/\/danone-edp.test\/?page_id=192753"},"modified":"2022-02-28T15:28:05","modified_gmt":"2022-02-28T14:28:05","slug":"vyrobky-na-rostlinny-baze-a-lidske-telo","status":"publish","type":"page","link":"https:\/\/danone.cz\/web\/vyrobky-na-rostlinne-bazi\/vyrobky-na-rostlinny-baze-a-lidske-telo\/","title":{"rendered":"V\u00fdrobky na rostlinn\u00e9 b\u00e1zi a lidsk\u00e9 t\u011blo"},"content":{"rendered":"\t\t<div data-elementor-type=\"wp-post\" data-elementor-id=\"192753\" class=\"elementor elementor-192753\" data-elementor-post-type=\"page\">\n\t\t\t\t\t\t<section class=\"elementor-section elementor-top-section elementor-element elementor-element-7a1edafb elementor-section-boxed elementor-section-height-default elementor-section-height-default\" data-id=\"7a1edafb\" data-element_type=\"section\">\n\t\t\t\t\t\t<div class=\"elementor-container elementor-column-gap-default\">\n\t\t\t\t\t<div class=\"elementor-column elementor-col-100 elementor-top-column elementor-element elementor-element-1c6e6e59\" data-id=\"1c6e6e59\" data-element_type=\"column\">\n\t\t\t<div class=\"elementor-widget-wrap elementor-element-populated\">\n\t\t\t\t\t\t<div class=\"elementor-element elementor-element-78172213 elementor-widget elementor-widget-heading\" data-id=\"78172213\" data-element_type=\"widget\" data-widget_type=\"heading.default\">\n\t\t\t\t<div class=\"elementor-widget-container\">\n\t\t\t\t\t<h1 class=\"elementor-heading-title elementor-size-default\">V\u00fdrobky na rostlinn\u00fd b\u00e1ze a lidsk\u00e9 t\u011blo<\/h1>\t\t\t\t<\/div>\n\t\t\t\t<\/div>\n\t\t\t\t\t<\/div>\n\t\t<\/div>\n\t\t\t\t\t<\/div>\n\t\t<\/section>\n\t\t\t\t<section class=\"elementor-section elementor-top-section elementor-element elementor-element-177d6beb elementor-section-boxed elementor-section-height-default elementor-section-height-default\" data-id=\"177d6beb\" data-element_type=\"section\">\n\t\t\t\t\t\t<div class=\"elementor-container elementor-column-gap-default\">\n\t\t\t\t\t<div class=\"elementor-column elementor-col-100 elementor-top-column elementor-element elementor-element-6f2f3312\" data-id=\"6f2f3312\" data-element_type=\"column\">\n\t\t\t<div class=\"elementor-widget-wrap elementor-element-populated\">\n\t\t\t\t\t\t<section class=\"elementor-section elementor-inner-section elementor-element elementor-element-3f4eaf32 elementor-section-content-middle elementor-reverse-mobile elementor-section-boxed elementor-section-height-default elementor-section-height-default\" data-id=\"3f4eaf32\" data-element_type=\"section\">\n\t\t\t\t\t\t<div class=\"elementor-container elementor-column-gap-wide\">\n\t\t\t\t\t<div class=\"elementor-column elementor-col-50 elementor-inner-column elementor-element elementor-element-11cf41bb elementor-invisible\" data-id=\"11cf41bb\" data-element_type=\"column\" data-settings=\"{&quot;animation&quot;:&quot;fadeInLeft&quot;}\">\n\t\t\t<div class=\"elementor-widget-wrap elementor-element-populated\">\n\t\t\t\t\t\t<div class=\"elementor-element elementor-element-5bf39b95 elementor-widget elementor-widget-image\" data-id=\"5bf39b95\" data-element_type=\"widget\" data-fancybox=\"image\" data-widget_type=\"image.default\">\n\t\t\t\t<div class=\"elementor-widget-container\">\n\t\t\t\t\t\t\t\t\t\t\t\t\t\t\t<img fetchpriority=\"high\" decoding=\"async\" width=\"394\" height=\"394\" src=\"https:\/\/danone.cz\/web\/wp-content\/uploads\/sites\/2\/2020\/12\/foto-24-25-26-27-1.jpg\" class=\"attachment-large size-large wp-image-192755\" alt=\"\" srcset=\"https:\/\/danone.cz\/web\/wp-content\/uploads\/sites\/2\/2020\/12\/foto-24-25-26-27-1.jpg 394w, https:\/\/danone.cz\/web\/wp-content\/uploads\/sites\/2\/2020\/12\/foto-24-25-26-27-1-300x300.jpg 300w, https:\/\/danone.cz\/web\/wp-content\/uploads\/sites\/2\/2020\/12\/foto-24-25-26-27-1-150x150.jpg 150w, https:\/\/danone.cz\/web\/wp-content\/uploads\/sites\/2\/2020\/12\/foto-24-25-26-27-1-200x200.jpg 200w\" sizes=\"(max-width: 394px) 100vw, 394px\" \/>\t\t\t\t\t\t\t\t\t\t\t\t\t\t\t<\/div>\n\t\t\t\t<\/div>\n\t\t\t\t\t<\/div>\n\t\t<\/div>\n\t\t\t\t<div class=\"elementor-column elementor-col-50 elementor-inner-column elementor-element elementor-element-1e5e7eab\" data-id=\"1e5e7eab\" data-element_type=\"column\">\n\t\t\t<div class=\"elementor-widget-wrap elementor-element-populated\">\n\t\t\t\t\t\t<div class=\"elementor-element elementor-element-e225fe1 elementor-widget elementor-widget-heading\" data-id=\"e225fe1\" data-element_type=\"widget\" data-widget_type=\"heading.default\">\n\t\t\t\t<div class=\"elementor-widget-container\">\n\t\t\t\t\t<h5 class=\"elementor-heading-title elementor-size-default\">Zdrav\u00e9 srdce<\/h5>\t\t\t\t<\/div>\n\t\t\t\t<\/div>\n\t\t\t\t<div class=\"elementor-element elementor-element-16ef14a7 elementor-widget elementor-widget-text-editor\" data-id=\"16ef14a7\" data-element_type=\"widget\" data-widget_type=\"text-editor.default\">\n\t\t\t\t<div class=\"elementor-widget-container\">\n\t\t\t\t\t\t\t\t\t<p><span style=\"font-weight: 400\">J\u00eddlo rostlinn\u00e9ho p\u016fvodu obsahuje nenasycen\u00e9 tuky a obecn\u011b m\u00e1lo nasycen\u00fdch. Vysok\u00e1 hladina cholesterolu zvy\u0161uje riziko c\u00e9vn\u00edho srde\u010dn\u00edho onemocn\u011bn\u00ed. Nahrazov\u00e1n\u00ed nasycen\u00fdch tuk\u016f nenasycen\u00fdmi proto prokazateln\u011b sni\u017euje hladinu cholesterolu v krvi. <\/span><\/p>\t\t\t\t\t\t\t\t<\/div>\n\t\t\t\t<\/div>\n\t\t\t\t\t<\/div>\n\t\t<\/div>\n\t\t\t\t\t<\/div>\n\t\t<\/section>\n\t\t\t\t\t<\/div>\n\t\t<\/div>\n\t\t\t\t\t<\/div>\n\t\t<\/section>\n\t\t\t\t<section class=\"elementor-section elementor-top-section elementor-element elementor-element-79a5a64e elementor-section-boxed elementor-section-height-default elementor-section-height-default\" data-id=\"79a5a64e\" data-element_type=\"section\">\n\t\t\t\t\t\t<div class=\"elementor-container elementor-column-gap-default\">\n\t\t\t\t\t<div class=\"elementor-column elementor-col-100 elementor-top-column elementor-element elementor-element-6833147f\" data-id=\"6833147f\" data-element_type=\"column\">\n\t\t\t<div class=\"elementor-widget-wrap elementor-element-populated\">\n\t\t\t\t\t\t<section class=\"elementor-section elementor-inner-section elementor-element elementor-element-785e98b9 elementor-section-content-middle elementor-section-boxed elementor-section-height-default elementor-section-height-default\" data-id=\"785e98b9\" data-element_type=\"section\">\n\t\t\t\t\t\t<div class=\"elementor-container elementor-column-gap-wide\">\n\t\t\t\t\t<div class=\"elementor-column elementor-col-50 elementor-inner-column elementor-element elementor-element-34b4d933\" data-id=\"34b4d933\" data-element_type=\"column\">\n\t\t\t<div class=\"elementor-widget-wrap elementor-element-populated\">\n\t\t\t\t\t\t<div class=\"elementor-element elementor-element-214a0c1c elementor-widget elementor-widget-heading\" data-id=\"214a0c1c\" data-element_type=\"widget\" data-widget_type=\"heading.default\">\n\t\t\t\t<div class=\"elementor-widget-container\">\n\t\t\t\t\t<h5 class=\"elementor-heading-title elementor-size-default\">Zdrav\u00e9 st\u00e1rnut\u00ed<\/h5>\t\t\t\t<\/div>\n\t\t\t\t<\/div>\n\t\t\t\t<div class=\"elementor-element elementor-element-b5da841 elementor-widget elementor-widget-text-editor\" data-id=\"b5da841\" data-element_type=\"widget\" data-widget_type=\"text-editor.default\">\n\t\t\t\t<div class=\"elementor-widget-container\">\n\t\t\t\t\t\t\t\t\t<p><span style=\"font-weight: 400\">Dobr\u00e1 strava v\u00e1m pom\u016f\u017ee zdrav\u011b st\u00e1rnout. J\u00eddeln\u00ed\u010dek bohat\u00fd na rostlinnou stravu va\u0161emu t\u011blu dod\u00e1 pot\u0159ebn\u00e9 vitaminy, miner\u00e1ly a vl\u00e1kninu, zat\u00edmco z\u00e1rove\u0148 sn\u00ed\u017e\u00edte p\u0159\u00edjem nasycen\u00fdch tuk\u016f. Strava rostlinn\u00e9ho p\u016fvodu tak s pohybem (a bez kou\u0159en\u00ed) prokazateln\u011b zvy\u0161uje kvalitu va\u0161eho \u017eivota v pr\u016fb\u011bhu let.<\/span><\/p>\t\t\t\t\t\t\t\t<\/div>\n\t\t\t\t<\/div>\n\t\t\t\t\t<\/div>\n\t\t<\/div>\n\t\t\t\t<div class=\"elementor-column elementor-col-50 elementor-inner-column elementor-element elementor-element-6838cabf elementor-invisible\" data-id=\"6838cabf\" data-element_type=\"column\" data-settings=\"{&quot;animation&quot;:&quot;fadeInRight&quot;}\">\n\t\t\t<div class=\"elementor-widget-wrap elementor-element-populated\">\n\t\t\t\t\t\t<div class=\"elementor-element elementor-element-461cb43c elementor-widget elementor-widget-image\" data-id=\"461cb43c\" data-element_type=\"widget\" data-fancybox=\"image\" data-widget_type=\"image.default\">\n\t\t\t\t<div class=\"elementor-widget-container\">\n\t\t\t\t\t\t\t\t\t\t\t\t\t\t\t<img decoding=\"async\" width=\"394\" height=\"394\" src=\"https:\/\/danone.cz\/web\/wp-content\/uploads\/sites\/2\/2021\/01\/foto25.jpg\" class=\"attachment-large size-large wp-image-193007\" alt=\"\" srcset=\"https:\/\/danone.cz\/web\/wp-content\/uploads\/sites\/2\/2021\/01\/foto25.jpg 394w, https:\/\/danone.cz\/web\/wp-content\/uploads\/sites\/2\/2021\/01\/foto25-300x300.jpg 300w, https:\/\/danone.cz\/web\/wp-content\/uploads\/sites\/2\/2021\/01\/foto25-150x150.jpg 150w, https:\/\/danone.cz\/web\/wp-content\/uploads\/sites\/2\/2021\/01\/foto25-200x200.jpg 200w\" sizes=\"(max-width: 394px) 100vw, 394px\" \/>\t\t\t\t\t\t\t\t\t\t\t\t\t\t\t<\/div>\n\t\t\t\t<\/div>\n\t\t\t\t\t<\/div>\n\t\t<\/div>\n\t\t\t\t\t<\/div>\n\t\t<\/section>\n\t\t\t\t\t<\/div>\n\t\t<\/div>\n\t\t\t\t\t<\/div>\n\t\t<\/section>\n\t\t\t\t<section class=\"elementor-section elementor-top-section elementor-element elementor-element-5411127 elementor-section-boxed elementor-section-height-default elementor-section-height-default\" data-id=\"5411127\" data-element_type=\"section\">\n\t\t\t\t\t\t<div class=\"elementor-container elementor-column-gap-default\">\n\t\t\t\t\t<div class=\"elementor-column elementor-col-100 elementor-top-column elementor-element elementor-element-f8f1a66\" data-id=\"f8f1a66\" data-element_type=\"column\">\n\t\t\t<div class=\"elementor-widget-wrap elementor-element-populated\">\n\t\t\t\t\t\t<section class=\"elementor-section elementor-inner-section elementor-element elementor-element-fcc248a elementor-section-content-middle elementor-reverse-mobile elementor-section-boxed elementor-section-height-default elementor-section-height-default\" data-id=\"fcc248a\" data-element_type=\"section\">\n\t\t\t\t\t\t<div class=\"elementor-container elementor-column-gap-wide\">\n\t\t\t\t\t<div class=\"elementor-column elementor-col-50 elementor-inner-column elementor-element elementor-element-3b5b927 elementor-invisible\" data-id=\"3b5b927\" data-element_type=\"column\" data-settings=\"{&quot;animation&quot;:&quot;fadeInLeft&quot;}\">\n\t\t\t<div class=\"elementor-widget-wrap elementor-element-populated\">\n\t\t\t\t\t\t<div class=\"elementor-element elementor-element-cbb9581 elementor-widget elementor-widget-image\" data-id=\"cbb9581\" data-element_type=\"widget\" data-fancybox=\"image\" data-widget_type=\"image.default\">\n\t\t\t\t<div class=\"elementor-widget-container\">\n\t\t\t\t\t\t\t\t\t\t\t\t\t\t\t<img decoding=\"async\" width=\"394\" height=\"394\" src=\"https:\/\/danone.cz\/web\/wp-content\/uploads\/sites\/2\/2020\/12\/foto-24-25-26-27-3.jpg\" class=\"attachment-large size-large wp-image-192756\" alt=\"\" srcset=\"https:\/\/danone.cz\/web\/wp-content\/uploads\/sites\/2\/2020\/12\/foto-24-25-26-27-3.jpg 394w, https:\/\/danone.cz\/web\/wp-content\/uploads\/sites\/2\/2020\/12\/foto-24-25-26-27-3-300x300.jpg 300w, https:\/\/danone.cz\/web\/wp-content\/uploads\/sites\/2\/2020\/12\/foto-24-25-26-27-3-150x150.jpg 150w, https:\/\/danone.cz\/web\/wp-content\/uploads\/sites\/2\/2020\/12\/foto-24-25-26-27-3-200x200.jpg 200w\" sizes=\"(max-width: 394px) 100vw, 394px\" \/>\t\t\t\t\t\t\t\t\t\t\t\t\t\t\t<\/div>\n\t\t\t\t<\/div>\n\t\t\t\t\t<\/div>\n\t\t<\/div>\n\t\t\t\t<div class=\"elementor-column elementor-col-50 elementor-inner-column elementor-element elementor-element-088bcff\" data-id=\"088bcff\" data-element_type=\"column\">\n\t\t\t<div class=\"elementor-widget-wrap elementor-element-populated\">\n\t\t\t\t\t\t<div class=\"elementor-element elementor-element-14118fa elementor-widget elementor-widget-heading\" data-id=\"14118fa\" data-element_type=\"widget\" data-widget_type=\"heading.default\">\n\t\t\t\t<div class=\"elementor-widget-container\">\n\t\t\t\t\t<h5 class=\"elementor-heading-title elementor-size-default\">Pevn\u00e9 kosti<\/h5>\t\t\t\t<\/div>\n\t\t\t\t<\/div>\n\t\t\t\t<div class=\"elementor-element elementor-element-3ff5fe4 elementor-widget elementor-widget-text-editor\" data-id=\"3ff5fe4\" data-element_type=\"widget\" data-widget_type=\"text-editor.default\">\n\t\t\t\t<div class=\"elementor-widget-container\">\n\t\t\t\t\t\t\t\t\t<p><span style=\"font-weight: 400\">Rostlinn\u00e1 strava poskytuje dostatek b\u00edlkovin, v\u00e1pn\u00edku a vitaminu D, kter\u00e9 pot\u0159ebujete k udr\u017een\u00ed pevn\u00fdch kost\u00ed v pr\u016fb\u011bhu va\u0161eho \u017eivota.<\/span><\/p>\t\t\t\t\t\t\t\t<\/div>\n\t\t\t\t<\/div>\n\t\t\t\t\t<\/div>\n\t\t<\/div>\n\t\t\t\t\t<\/div>\n\t\t<\/section>\n\t\t\t\t\t<\/div>\n\t\t<\/div>\n\t\t\t\t\t<\/div>\n\t\t<\/section>\n\t\t\t\t<section class=\"elementor-section elementor-top-section elementor-element elementor-element-ef6213b elementor-section-boxed elementor-section-height-default elementor-section-height-default\" data-id=\"ef6213b\" data-element_type=\"section\">\n\t\t\t\t\t\t<div class=\"elementor-container elementor-column-gap-default\">\n\t\t\t\t\t<div class=\"elementor-column elementor-col-100 elementor-top-column elementor-element elementor-element-e521ee6\" data-id=\"e521ee6\" data-element_type=\"column\">\n\t\t\t<div class=\"elementor-widget-wrap elementor-element-populated\">\n\t\t\t\t\t\t<section class=\"elementor-section elementor-inner-section elementor-element elementor-element-a9cee54 elementor-section-content-middle elementor-section-boxed elementor-section-height-default elementor-section-height-default\" data-id=\"a9cee54\" data-element_type=\"section\">\n\t\t\t\t\t\t<div class=\"elementor-container elementor-column-gap-wide\">\n\t\t\t\t\t<div class=\"elementor-column elementor-col-50 elementor-inner-column elementor-element elementor-element-937c7fb\" data-id=\"937c7fb\" data-element_type=\"column\">\n\t\t\t<div class=\"elementor-widget-wrap elementor-element-populated\">\n\t\t\t\t\t\t<div class=\"elementor-element elementor-element-11f2e65 elementor-widget elementor-widget-heading\" data-id=\"11f2e65\" data-element_type=\"widget\" data-widget_type=\"heading.default\">\n\t\t\t\t<div class=\"elementor-widget-container\">\n\t\t\t\t\t<h5 class=\"elementor-heading-title elementor-size-default\">Va\u0161e v\u00e1ha<\/h5>\t\t\t\t<\/div>\n\t\t\t\t<\/div>\n\t\t\t\t<div class=\"elementor-element elementor-element-68b45dd elementor-widget elementor-widget-text-editor\" data-id=\"68b45dd\" data-element_type=\"widget\" data-widget_type=\"text-editor.default\">\n\t\t\t\t<div class=\"elementor-widget-container\">\n\t\t\t\t\t\t\t\t\t<p><span style=\"font-weight: 400\">Zv\u00fd\u0161en\u00e1 konzumace v\u00edce ovoce, zeleniny, celozrnn\u00fdch potravin, o\u0159ech\u016f, sem\u00ednek, rostlinn\u00fdch alternativ k ml\u00e9\u010dn\u00fdm v\u00fdrobk\u016fm je cestou, jak se c\u00edtit dob\u0159e a starat se o sv\u00e9 zdrav\u00ed.<\/span><\/p>\t\t\t\t\t\t\t\t<\/div>\n\t\t\t\t<\/div>\n\t\t\t\t\t<\/div>\n\t\t<\/div>\n\t\t\t\t<div class=\"elementor-column elementor-col-50 elementor-inner-column elementor-element elementor-element-1c55a6c elementor-invisible\" data-id=\"1c55a6c\" data-element_type=\"column\" data-settings=\"{&quot;animation&quot;:&quot;fadeInRight&quot;}\">\n\t\t\t<div class=\"elementor-widget-wrap elementor-element-populated\">\n\t\t\t\t\t\t<div class=\"elementor-element elementor-element-dffd0b5 elementor-widget elementor-widget-image\" data-id=\"dffd0b5\" data-element_type=\"widget\" data-fancybox=\"image\" data-widget_type=\"image.default\">\n\t\t\t\t<div class=\"elementor-widget-container\">\n\t\t\t\t\t\t\t\t\t\t\t\t\t\t\t<img loading=\"lazy\" decoding=\"async\" width=\"394\" height=\"394\" src=\"https:\/\/danone.cz\/web\/wp-content\/uploads\/sites\/2\/2020\/12\/foto-24-25-26-27-4.jpg\" class=\"attachment-large size-large wp-image-192757\" alt=\"\" srcset=\"https:\/\/danone.cz\/web\/wp-content\/uploads\/sites\/2\/2020\/12\/foto-24-25-26-27-4.jpg 394w, https:\/\/danone.cz\/web\/wp-content\/uploads\/sites\/2\/2020\/12\/foto-24-25-26-27-4-300x300.jpg 300w, https:\/\/danone.cz\/web\/wp-content\/uploads\/sites\/2\/2020\/12\/foto-24-25-26-27-4-150x150.jpg 150w, https:\/\/danone.cz\/web\/wp-content\/uploads\/sites\/2\/2020\/12\/foto-24-25-26-27-4-200x200.jpg 200w\" sizes=\"(max-width: 394px) 100vw, 394px\" \/>\t\t\t\t\t\t\t\t\t\t\t\t\t\t\t<\/div>\n\t\t\t\t<\/div>\n\t\t\t\t\t<\/div>\n\t\t<\/div>\n\t\t\t\t\t<\/div>\n\t\t<\/section>\n\t\t\t\t\t<\/div>\n\t\t<\/div>\n\t\t\t\t\t<\/div>\n\t\t<\/section>\n\t\t\t\t<section class=\"elementor-section elementor-top-section elementor-element elementor-element-92fddae elementor-hidden-phone elementor-section-boxed elementor-section-height-default elementor-section-height-default\" data-id=\"92fddae\" data-element_type=\"section\">\n\t\t\t\t\t\t<div class=\"elementor-container elementor-column-gap-default\">\n\t\t\t\t\t<div class=\"elementor-column elementor-col-100 elementor-top-column elementor-element elementor-element-173a728\" data-id=\"173a728\" data-element_type=\"column\">\n\t\t\t<div class=\"elementor-widget-wrap elementor-element-populated\">\n\t\t\t\t\t\t<div class=\"elementor-element elementor-element-318cf56 elementor-widget elementor-widget-spacer\" data-id=\"318cf56\" data-element_type=\"widget\" data-widget_type=\"spacer.default\">\n\t\t\t\t<div class=\"elementor-widget-container\">\n\t\t\t\t\t\t\t<div class=\"elementor-spacer\">\n\t\t\t<div class=\"elementor-spacer-inner\"><\/div>\n\t\t<\/div>\n\t\t\t\t\t\t<\/div>\n\t\t\t\t<\/div>\n\t\t\t\t\t<\/div>\n\t\t<\/div>\n\t\t\t\t\t<\/div>\n\t\t<\/section>\n\t\t\t\t<section class=\"elementor-section elementor-top-section elementor-element elementor-element-35887be elementor-section-boxed elementor-section-height-default elementor-section-height-default\" data-id=\"35887be\" data-element_type=\"section\">\n\t\t\t\t\t\t<div class=\"elementor-container elementor-column-gap-default\">\n\t\t\t\t\t<div class=\"elementor-column elementor-col-100 elementor-top-column elementor-element elementor-element-4533810\" data-id=\"4533810\" data-element_type=\"column\">\n\t\t\t<div class=\"elementor-widget-wrap elementor-element-populated\">\n\t\t\t\t\t\t<div class=\"elementor-element elementor-element-a5c5ada elementor-widget elementor-widget-spacer\" data-id=\"a5c5ada\" data-element_type=\"widget\" data-widget_type=\"spacer.default\">\n\t\t\t\t<div class=\"elementor-widget-container\">\n\t\t\t\t\t\t\t<div class=\"elementor-spacer\">\n\t\t\t<div class=\"elementor-spacer-inner\"><\/div>\n\t\t<\/div>\n\t\t\t\t\t\t<\/div>\n\t\t\t\t<\/div>\n\t\t\t\t\t<\/div>\n\t\t<\/div>\n\t\t\t\t\t<\/div>\n\t\t<\/section>\n\t\t\t\t<section class=\"elementor-section elementor-top-section elementor-element elementor-element-3d05bfb elementor-section-boxed elementor-section-height-default elementor-section-height-default\" data-id=\"3d05bfb\" data-element_type=\"section\">\n\t\t\t\t\t\t<div class=\"elementor-container elementor-column-gap-default\">\n\t\t\t\t\t<div class=\"elementor-column elementor-col-100 elementor-top-column elementor-element elementor-element-b4ea3a5\" data-id=\"b4ea3a5\" data-element_type=\"column\">\n\t\t\t<div class=\"elementor-widget-wrap elementor-element-populated\">\n\t\t\t\t\t\t<div class=\"elementor-element elementor-element-2f7d0f4 elementor-widget elementor-widget-heading\" data-id=\"2f7d0f4\" data-element_type=\"widget\" data-widget_type=\"heading.default\">\n\t\t\t\t<div class=\"elementor-widget-container\">\n\t\t\t\t\t<h2 class=\"elementor-heading-title elementor-size-default\">Na\u0161e rostlinn\u00e9 produkty<\/h2>\t\t\t\t<\/div>\n\t\t\t\t<\/div>\n\t\t\t\t\t<\/div>\n\t\t<\/div>\n\t\t\t\t\t<\/div>\n\t\t<\/section>\n\t\t\t\t<section class=\"elementor-section elementor-top-section elementor-element elementor-element-879b7e1 safari-fix-bg elementor-section-boxed elementor-section-height-default elementor-section-height-default elementor-invisible\" data-id=\"879b7e1\" data-element_type=\"section\" data-settings=\"{&quot;background_background&quot;:&quot;gradient&quot;,&quot;animation&quot;:&quot;fadeIn&quot;}\">\n\t\t\t\t\t\t<div class=\"elementor-container elementor-column-gap-default\">\n\t\t\t\t\t<div class=\"elementor-column elementor-col-100 elementor-top-column elementor-element elementor-element-9acb469\" data-id=\"9acb469\" data-element_type=\"column\">\n\t\t\t<div class=\"elementor-widget-wrap elementor-element-populated\">\n\t\t\t\t\t\t\t<\/div>\n\t\t<\/div>\n\t\t\t\t\t<\/div>\n\t\t<\/section>\n\t\t\t\t<section class=\"elementor-section elementor-top-section elementor-element elementor-element-ee44b35 elementor-section-boxed elementor-section-height-default elementor-section-height-default\" data-id=\"ee44b35\" data-element_type=\"section\">\n\t\t\t\t\t\t<div class=\"elementor-container elementor-column-gap-default\">\n\t\t\t\t\t<div class=\"elementor-column elementor-col-100 elementor-top-column elementor-element elementor-element-5de1013\" data-id=\"5de1013\" data-element_type=\"column\">\n\t\t\t<div class=\"elementor-widget-wrap elementor-element-populated\">\n\t\t\t\t\t\t<div class=\"elementor-element elementor-element-543243c elementor-widget elementor-widget-spacer\" data-id=\"543243c\" data-element_type=\"widget\" data-widget_type=\"spacer.default\">\n\t\t\t\t<div class=\"elementor-widget-container\">\n\t\t\t\t\t\t\t<div class=\"elementor-spacer\">\n\t\t\t<div class=\"elementor-spacer-inner\"><\/div>\n\t\t<\/div>\n\t\t\t\t\t\t<\/div>\n\t\t\t\t<\/div>\n\t\t\t\t\t<\/div>\n\t\t<\/div>\n\t\t\t\t\t<\/div>\n\t\t<\/section>\n\t\t\t\t<\/div>\n\t\t","protected":false},"excerpt":{"rendered":"<p>V\u00fdrobky na rostlinn\u00fd b\u00e1ze a lidsk\u00e9 t\u011blo Zdrav\u00e9 srdce J\u00eddlo rostlinn\u00e9ho p\u016fvodu obsahuje nenasycen\u00e9 tuky a obecn\u011b m\u00e1lo nasycen\u00fdch. Vysok\u00e1 hladina cholesterolu zvy\u0161uje riziko c\u00e9vn\u00edho srde\u010dn\u00edho onemocn\u011bn\u00ed. Nahrazov\u00e1n\u00ed nasycen\u00fdch tuk\u016f nenasycen\u00fdmi proto prokazateln\u011b sni\u017euje hladinu cholesterolu v krvi. Zdrav\u00e9 st\u00e1rnut\u00ed Dobr\u00e1 strava v\u00e1m pom\u016f\u017ee zdrav\u011b st\u00e1rnout. J\u00eddeln\u00ed\u010dek bohat\u00fd na rostlinnou stravu va\u0161emu t\u011blu dod\u00e1 pot\u0159ebn\u00e9 [&hellip;]<\/p>\n","protected":false},"author":1,"featured_media":192897,"parent":192732,"menu_order":0,"comment_status":"open","ping_status":"closed","template":"","meta":{"footnotes":""},"class_list":["post-192753","page","type-page","status-publish","has-post-thumbnail","hentry"],"acf":[],"_links":{"self":[{"href":"https:\/\/danone.cz\/web\/wp-json\/wp\/v2\/pages\/192753","targetHints":{"allow":["GET"]}}],"collection":[{"href":"https:\/\/danone.cz\/web\/wp-json\/wp\/v2\/pages"}],"about":[{"href":"https:\/\/danone.cz\/web\/wp-json\/wp\/v2\/types\/page"}],"author":[{"embeddable":true,"href":"https:\/\/danone.cz\/web\/wp-json\/wp\/v2\/users\/1"}],"replies":[{"embeddable":true,"href":"https:\/\/danone.cz\/web\/wp-json\/wp\/v2\/comments?post=192753"}],"version-history":[{"count":5,"href":"https:\/\/danone.cz\/web\/wp-json\/wp\/v2\/pages\/192753\/revisions"}],"predecessor-version":[{"id":193364,"href":"https:\/\/danone.cz\/web\/wp-json\/wp\/v2\/pages\/192753\/revisions\/193364"}],"up":[{"embeddable":true,"href":"https:\/\/danone.cz\/web\/wp-json\/wp\/v2\/pages\/192732"}],"wp:featuredmedia":[{"embeddable":true,"href":"https:\/\/danone.cz\/web\/wp-json\/wp\/v2\/media\/192897"}],"wp:attachment":[{"href":"https:\/\/danone.cz\/web\/wp-json\/wp\/v2\/media?parent=192753"}],"curies":[{"name":"wp","href":"https:\/\/api.w.org\/{rel}","templated":true}]}}