{"id":192734,"date":"2020-12-16T18:25:23","date_gmt":"2020-12-16T17:25:23","guid":{"rendered":"https:\/\/danone-edp.test\/?page_id=192734"},"modified":"2020-12-24T07:55:53","modified_gmt":"2020-12-24T06:55:53","slug":"co-vse-byste-meli-vedet","status":"publish","type":"page","link":"https:\/\/danone.cz\/web\/vyrobky-na-rostlinne-bazi\/co-vse-byste-meli-vedet\/","title":{"rendered":"Co v\u0161echno bychom m\u011bli v\u011bd\u011bt?"},"content":{"rendered":"\t\t<div data-elementor-type=\"wp-post\" data-elementor-id=\"192734\" class=\"elementor elementor-192734\" data-elementor-post-type=\"page\">\n\t\t\t\t\t\t<section class=\"elementor-section elementor-top-section elementor-element elementor-element-372b9253 elementor-section-boxed elementor-section-height-default elementor-section-height-default\" data-id=\"372b9253\" data-element_type=\"section\">\n\t\t\t\t\t\t<div class=\"elementor-container elementor-column-gap-default\">\n\t\t\t\t\t<div class=\"elementor-column elementor-col-100 elementor-top-column elementor-element elementor-element-25749851\" data-id=\"25749851\" data-element_type=\"column\">\n\t\t\t<div class=\"elementor-widget-wrap elementor-element-populated\">\n\t\t\t\t\t\t<div class=\"elementor-element elementor-element-295e02dd elementor-widget elementor-widget-heading\" data-id=\"295e02dd\" data-element_type=\"widget\" data-widget_type=\"heading.default\">\n\t\t\t\t<div class=\"elementor-widget-container\">\n\t\t\t\t\t<h1 class=\"elementor-heading-title elementor-size-default\">Co v\u0161echno bychom m\u011bli v\u011bd\u011bt?<\/h1>\t\t\t\t<\/div>\n\t\t\t\t<\/div>\n\t\t\t\t\t<\/div>\n\t\t<\/div>\n\t\t\t\t\t<\/div>\n\t\t<\/section>\n\t\t\t\t<section class=\"elementor-section elementor-top-section elementor-element elementor-element-47598f4f elementor-section-boxed elementor-section-height-default elementor-section-height-default\" data-id=\"47598f4f\" data-element_type=\"section\">\n\t\t\t\t\t\t<div class=\"elementor-container elementor-column-gap-default\">\n\t\t\t\t\t<div class=\"elementor-column elementor-col-100 elementor-top-column elementor-element elementor-element-650790bf\" data-id=\"650790bf\" data-element_type=\"column\">\n\t\t\t<div class=\"elementor-widget-wrap elementor-element-populated\">\n\t\t\t\t\t\t<section class=\"elementor-section elementor-inner-section elementor-element elementor-element-427d49c5 elementor-section-content-middle elementor-reverse-mobile elementor-section-boxed elementor-section-height-default elementor-section-height-default\" data-id=\"427d49c5\" data-element_type=\"section\">\n\t\t\t\t\t\t<div class=\"elementor-container elementor-column-gap-wide\">\n\t\t\t\t\t<div class=\"elementor-column elementor-col-50 elementor-inner-column elementor-element elementor-element-1a9db76d elementor-invisible\" data-id=\"1a9db76d\" data-element_type=\"column\" data-settings=\"{&quot;animation&quot;:&quot;fadeInLeft&quot;}\">\n\t\t\t<div class=\"elementor-widget-wrap elementor-element-populated\">\n\t\t\t\t\t\t<div class=\"elementor-element elementor-element-7ae957a elementor-widget elementor-widget-image\" data-id=\"7ae957a\" data-element_type=\"widget\" data-fancybox=\"image\" data-widget_type=\"image.default\">\n\t\t\t\t<div class=\"elementor-widget-container\">\n\t\t\t\t\t\t\t\t\t\t\t\t\t\t\t<img fetchpriority=\"high\" decoding=\"async\" width=\"394\" height=\"394\" src=\"https:\/\/danone.cz\/web\/wp-content\/uploads\/sites\/2\/2020\/12\/foto-22-1.jpg\" class=\"attachment-large size-large wp-image-192740\" alt=\"\" srcset=\"https:\/\/danone.cz\/web\/wp-content\/uploads\/sites\/2\/2020\/12\/foto-22-1.jpg 394w, https:\/\/danone.cz\/web\/wp-content\/uploads\/sites\/2\/2020\/12\/foto-22-1-300x300.jpg 300w, https:\/\/danone.cz\/web\/wp-content\/uploads\/sites\/2\/2020\/12\/foto-22-1-150x150.jpg 150w, https:\/\/danone.cz\/web\/wp-content\/uploads\/sites\/2\/2020\/12\/foto-22-1-200x200.jpg 200w\" sizes=\"(max-width: 394px) 100vw, 394px\" \/>\t\t\t\t\t\t\t\t\t\t\t\t\t\t\t<\/div>\n\t\t\t\t<\/div>\n\t\t\t\t\t<\/div>\n\t\t<\/div>\n\t\t\t\t<div class=\"elementor-column elementor-col-50 elementor-inner-column elementor-element elementor-element-e60237c\" data-id=\"e60237c\" data-element_type=\"column\">\n\t\t\t<div class=\"elementor-widget-wrap elementor-element-populated\">\n\t\t\t\t\t\t<div class=\"elementor-element elementor-element-47a6b3fe elementor-widget elementor-widget-text-editor\" data-id=\"47a6b3fe\" data-element_type=\"widget\" data-widget_type=\"text-editor.default\">\n\t\t\t\t<div class=\"elementor-widget-container\">\n\t\t\t\t\t\t\t\t\t<p><span style=\"font-weight: 400\">V\u00fdrobky na rostlinn\u00e9 b\u00e1zi jsou v\u00fdborn\u00fdm zp\u016fsobem, jak si zpest\u0159it j\u00eddeln\u00ed\u010dek a ud\u011blat n\u011bco pro sebe i pro na\u0161i planetu. V na\u0161em portfoliu najdete v\u00fdrobky na rostlinn\u00e9 b\u00e1zi ve form\u011b n\u00e1poj\u016f, rostlinn\u00fdch jogurt\u016f, rostlinn\u00e9 alternativy smetany \u010di dezert\u016f nebo zmrzliny.<\/span><\/p><p><span style=\"font-weight: 400\">Jako z\u00e1kladn\u00ed suroviny p\u0159i jejich v\u00fdrob\u011b pou\u017e\u00edv\u00e1me s\u00f3ju, oves, r\u00fd\u017ei, kokos, mandle a l\u00edskov\u00e9 i ke\u0161u o\u0159\u00ed\u0161ky.<\/span><\/p>\t\t\t\t\t\t\t\t<\/div>\n\t\t\t\t<\/div>\n\t\t\t\t\t<\/div>\n\t\t<\/div>\n\t\t\t\t\t<\/div>\n\t\t<\/section>\n\t\t\t\t\t<\/div>\n\t\t<\/div>\n\t\t\t\t\t<\/div>\n\t\t<\/section>\n\t\t\t\t<section class=\"elementor-section elementor-top-section elementor-element elementor-element-163d1857 elementor-section-boxed elementor-section-height-default elementor-section-height-default\" data-id=\"163d1857\" data-element_type=\"section\">\n\t\t\t\t\t\t<div class=\"elementor-container elementor-column-gap-default\">\n\t\t\t\t\t<div class=\"elementor-column elementor-col-100 elementor-top-column elementor-element elementor-element-172fa287\" data-id=\"172fa287\" data-element_type=\"column\">\n\t\t\t<div class=\"elementor-widget-wrap elementor-element-populated\">\n\t\t\t\t\t\t<section class=\"elementor-section elementor-inner-section elementor-element elementor-element-1388e45a elementor-section-content-middle elementor-section-boxed elementor-section-height-default elementor-section-height-default\" data-id=\"1388e45a\" data-element_type=\"section\">\n\t\t\t\t\t\t<div class=\"elementor-container elementor-column-gap-wide\">\n\t\t\t\t\t<div class=\"elementor-column elementor-col-50 elementor-inner-column elementor-element elementor-element-2f139a23\" data-id=\"2f139a23\" data-element_type=\"column\">\n\t\t\t<div class=\"elementor-widget-wrap elementor-element-populated\">\n\t\t\t\t\t\t<div class=\"elementor-element elementor-element-1298a1c7 elementor-widget elementor-widget-text-editor\" data-id=\"1298a1c7\" data-element_type=\"widget\" data-widget_type=\"text-editor.default\">\n\t\t\t\t<div class=\"elementor-widget-container\">\n\t\t\t\t\t\t\t\t\t<p><span style=\"font-weight: 400\">I p\u0159i v\u00fdrob\u011b produkt\u016f na rostlinn\u00e9 b\u00e1zi klademe d\u016fraz na napl\u0148ov\u00e1n\u00ed nejp\u0159\u00edsn\u011bj\u0161\u00edch standard\u016f kvality a na o\u010dek\u00e1v\u00e1n\u00ed na\u0161ich spot\u0159ebitel\u016f. Na\u0161e produkty neobsahuj\u00ed GMO, tedy geneticky modifikovan\u00e9 organismy.<br \/><br \/><\/span><\/p><p><span style=\"font-weight: 400\">Z\u00e1le\u017e\u00ed n\u00e1m na tom, abychom se chovali zodpov\u011bdn\u011b v\u016f\u010di \u017eivotn\u00edmu prost\u0159ed\u00ed, a proto db\u00e1me na to, aby na\u0161i dodavatel\u00e9 surovin dodr\u017eovali etick\u00fd kodex, a aby ingredience, kter\u00e9 pou\u017e\u00edv\u00e1me v na\u0161ich produktech, nepoch\u00e1zely z odlesn\u011bn\u00fdch oblast\u00ed.<\/span><\/p><p><span style=\"font-weight: 400\">V\u00fdhodou produkt\u016f na rostlinn\u00e9 b\u00e1zi je, \u017ee p\u011bstov\u00e1n\u00ed surovin, ze kter\u00fdch se vyr\u00e1b\u011bj\u00ed, je m\u00e9n\u011b n\u00e1ro\u010dn\u00e9 na p\u016fdu, vodu a m\u00e1 ni\u017e\u0161\u00ed emise uhl\u00edku ne\u017e \u017eivo\u010di\u0161n\u00e1 v\u00fdroba. P\u0159i sb\u011bru surovin se pou\u017e\u00edv\u00e1 co nejm\u00e9n\u011b vody a recyklace se vyu\u017e\u00edv\u00e1 v\u0161ude, kde je to mo\u017en\u00e9.<\/span><\/p><p><span style=\"font-weight: 400\">Usilujeme o lok\u00e1ln\u00ed zdroje surovin. D\u00edky v\u011bdeck\u00e9mu v\u00fdzkumu jsme dok\u00e1zali vybrat spr\u00e1vn\u00e9 odr\u016fdy a techniky na p\u011bstov\u00e1n\u00ed subtropick\u00e9 plodiny s\u00f3ji v relativn\u011b chladn\u00fdch zem\u00edch, jak\u00fdmi jsou Belgie a Nizozemsko.<\/span><\/p><p><span style=\"font-weight: 400\">\u00a0<\/span><\/p>\t\t\t\t\t\t\t\t<\/div>\n\t\t\t\t<\/div>\n\t\t\t\t\t<\/div>\n\t\t<\/div>\n\t\t\t\t<div class=\"elementor-column elementor-col-50 elementor-inner-column elementor-element elementor-element-1be1db3b elementor-invisible\" data-id=\"1be1db3b\" data-element_type=\"column\" data-settings=\"{&quot;animation&quot;:&quot;fadeInRight&quot;}\">\n\t\t\t<div class=\"elementor-widget-wrap elementor-element-populated\">\n\t\t\t\t\t\t<div class=\"elementor-element elementor-element-982e806 elementor-widget elementor-widget-image\" data-id=\"982e806\" data-element_type=\"widget\" data-fancybox=\"image\" data-widget_type=\"image.default\">\n\t\t\t\t<div class=\"elementor-widget-container\">\n\t\t\t\t\t\t\t\t\t\t\t\t\t\t\t<img decoding=\"async\" width=\"788\" height=\"788\" src=\"https:\/\/danone.cz\/web\/wp-content\/uploads\/sites\/2\/2020\/12\/foto-23-1.jpg\" class=\"attachment-large size-large wp-image-192743\" alt=\"\" srcset=\"https:\/\/danone.cz\/web\/wp-content\/uploads\/sites\/2\/2020\/12\/foto-23-1.jpg 788w, https:\/\/danone.cz\/web\/wp-content\/uploads\/sites\/2\/2020\/12\/foto-23-1-300x300.jpg 300w, https:\/\/danone.cz\/web\/wp-content\/uploads\/sites\/2\/2020\/12\/foto-23-1-150x150.jpg 150w, https:\/\/danone.cz\/web\/wp-content\/uploads\/sites\/2\/2020\/12\/foto-23-1-768x768.jpg 768w, https:\/\/danone.cz\/web\/wp-content\/uploads\/sites\/2\/2020\/12\/foto-23-1-200x200.jpg 200w\" sizes=\"(max-width: 788px) 100vw, 788px\" \/>\t\t\t\t\t\t\t\t\t\t\t\t\t\t\t<\/div>\n\t\t\t\t<\/div>\n\t\t\t\t\t<\/div>\n\t\t<\/div>\n\t\t\t\t\t<\/div>\n\t\t<\/section>\n\t\t\t\t\t<\/div>\n\t\t<\/div>\n\t\t\t\t\t<\/div>\n\t\t<\/section>\n\t\t\t\t<section class=\"elementor-section elementor-top-section elementor-element elementor-element-f35aa1f elementor-section-boxed elementor-section-height-default elementor-section-height-default\" data-id=\"f35aa1f\" data-element_type=\"section\">\n\t\t\t\t\t\t<div class=\"elementor-container elementor-column-gap-default\">\n\t\t\t\t\t<div class=\"elementor-column elementor-col-100 elementor-top-column elementor-element elementor-element-ae99084\" data-id=\"ae99084\" data-element_type=\"column\">\n\t\t\t<div class=\"elementor-widget-wrap elementor-element-populated\">\n\t\t\t\t\t\t<div class=\"elementor-element elementor-element-916d8f9 elementor-widget elementor-widget-spacer\" data-id=\"916d8f9\" data-element_type=\"widget\" data-widget_type=\"spacer.default\">\n\t\t\t\t<div class=\"elementor-widget-container\">\n\t\t\t\t\t\t\t<div class=\"elementor-spacer\">\n\t\t\t<div class=\"elementor-spacer-inner\"><\/div>\n\t\t<\/div>\n\t\t\t\t\t\t<\/div>\n\t\t\t\t<\/div>\n\t\t\t\t\t<\/div>\n\t\t<\/div>\n\t\t\t\t\t<\/div>\n\t\t<\/section>\n\t\t\t\t<section class=\"elementor-section elementor-top-section elementor-element elementor-element-0e0a8a6 elementor-section-boxed elementor-section-height-default elementor-section-height-default\" data-id=\"0e0a8a6\" data-element_type=\"section\">\n\t\t\t\t\t\t<div class=\"elementor-container elementor-column-gap-default\">\n\t\t\t\t\t<div class=\"elementor-column elementor-col-100 elementor-top-column elementor-element elementor-element-08ddd32\" data-id=\"08ddd32\" data-element_type=\"column\">\n\t\t\t<div class=\"elementor-widget-wrap elementor-element-populated\">\n\t\t\t\t\t\t<div class=\"elementor-element elementor-element-03e6220 elementor-widget elementor-widget-heading\" data-id=\"03e6220\" data-element_type=\"widget\" data-widget_type=\"heading.default\">\n\t\t\t\t<div class=\"elementor-widget-container\">\n\t\t\t\t\t<h2 class=\"elementor-heading-title elementor-size-default\">Na\u0161e rostlinn\u00e9 produkty<\/h2>\t\t\t\t<\/div>\n\t\t\t\t<\/div>\n\t\t\t\t\t<\/div>\n\t\t<\/div>\n\t\t\t\t\t<\/div>\n\t\t<\/section>\n\t\t\t\t<section class=\"elementor-section elementor-top-section elementor-element elementor-element-5c9a15b safari-fix-bg elementor-section-boxed elementor-section-height-default elementor-section-height-default elementor-invisible\" data-id=\"5c9a15b\" data-element_type=\"section\" data-settings=\"{&quot;background_background&quot;:&quot;gradient&quot;,&quot;animation&quot;:&quot;fadeIn&quot;}\">\n\t\t\t\t\t\t<div class=\"elementor-container elementor-column-gap-default\">\n\t\t\t\t\t<div class=\"elementor-column elementor-col-100 elementor-top-column elementor-element elementor-element-8839f36\" data-id=\"8839f36\" data-element_type=\"column\">\n\t\t\t<div class=\"elementor-widget-wrap elementor-element-populated\">\n\t\t\t\t\t\t\t<\/div>\n\t\t<\/div>\n\t\t\t\t\t<\/div>\n\t\t<\/section>\n\t\t\t\t<\/div>\n\t\t","protected":false},"excerpt":{"rendered":"<p>Co v\u0161echno bychom m\u011bli v\u011bd\u011bt? V\u00fdrobky na rostlinn\u00e9 b\u00e1zi jsou v\u00fdborn\u00fdm zp\u016fsobem, jak si zpest\u0159it j\u00eddeln\u00ed\u010dek a ud\u011blat n\u011bco pro sebe i pro na\u0161i planetu. V na\u0161em portfoliu najdete v\u00fdrobky na rostlinn\u00e9 b\u00e1zi ve form\u011b n\u00e1poj\u016f, rostlinn\u00fdch jogurt\u016f, rostlinn\u00e9 alternativy smetany \u010di dezert\u016f nebo zmrzliny. Jako z\u00e1kladn\u00ed suroviny p\u0159i jejich v\u00fdrob\u011b pou\u017e\u00edv\u00e1me s\u00f3ju, oves, r\u00fd\u017ei, [&hellip;]<\/p>\n","protected":false},"author":1,"featured_media":192895,"parent":192732,"menu_order":0,"comment_status":"open","ping_status":"closed","template":"","meta":{"footnotes":""},"class_list":["post-192734","page","type-page","status-publish","has-post-thumbnail","hentry"],"acf":[],"_links":{"self":[{"href":"https:\/\/danone.cz\/web\/wp-json\/wp\/v2\/pages\/192734","targetHints":{"allow":["GET"]}}],"collection":[{"href":"https:\/\/danone.cz\/web\/wp-json\/wp\/v2\/pages"}],"about":[{"href":"https:\/\/danone.cz\/web\/wp-json\/wp\/v2\/types\/page"}],"author":[{"embeddable":true,"href":"https:\/\/danone.cz\/web\/wp-json\/wp\/v2\/users\/1"}],"replies":[{"embeddable":true,"href":"https:\/\/danone.cz\/web\/wp-json\/wp\/v2\/comments?post=192734"}],"version-history":[{"count":5,"href":"https:\/\/danone.cz\/web\/wp-json\/wp\/v2\/pages\/192734\/revisions"}],"predecessor-version":[{"id":192896,"href":"https:\/\/danone.cz\/web\/wp-json\/wp\/v2\/pages\/192734\/revisions\/192896"}],"up":[{"embeddable":true,"href":"https:\/\/danone.cz\/web\/wp-json\/wp\/v2\/pages\/192732"}],"wp:featuredmedia":[{"embeddable":true,"href":"https:\/\/danone.cz\/web\/wp-json\/wp\/v2\/media\/192895"}],"wp:attachment":[{"href":"https:\/\/danone.cz\/web\/wp-json\/wp\/v2\/media?parent=192734"}],"curies":[{"name":"wp","href":"https:\/\/api.w.org\/{rel}","templated":true}]}}