{"id":192578,"date":"2020-12-02T01:00:27","date_gmt":"2020-12-02T00:00:27","guid":{"rendered":"https:\/\/danone-edp.test\/?page_id=192578"},"modified":"2021-04-09T13:52:09","modified_gmt":"2021-04-09T11:52:09","slug":"recepty","status":"publish","type":"page","link":"https:\/\/danone.cz\/web\/recepty\/","title":{"rendered":"Recepty"},"content":{"rendered":"\t\t<div data-elementor-type=\"wp-page\" data-elementor-id=\"192578\" class=\"elementor elementor-192578\" data-elementor-post-type=\"page\">\n\t\t\t\t\t\t<section class=\"elementor-section elementor-top-section elementor-element elementor-element-310abe9b elementor-section-boxed elementor-section-height-default elementor-section-height-default\" data-id=\"310abe9b\" data-element_type=\"section\">\n\t\t\t\t\t\t<div class=\"elementor-container elementor-column-gap-default\">\n\t\t\t\t\t<div class=\"elementor-column elementor-col-100 elementor-top-column elementor-element elementor-element-19f40c75\" data-id=\"19f40c75\" data-element_type=\"column\">\n\t\t\t<div class=\"elementor-widget-wrap elementor-element-populated\">\n\t\t\t\t\t\t<div class=\"elementor-element elementor-element-5afaf955 elementor-widget elementor-widget-heading\" data-id=\"5afaf955\" data-element_type=\"widget\" data-widget_type=\"heading.default\">\n\t\t\t\t<div class=\"elementor-widget-container\">\n\t\t\t\t\t<h1 class=\"elementor-heading-title elementor-size-default\">Sta\u0148te se s n\u00e1mi flexitari\u00e1nem\u200b<\/h1>\t\t\t\t<\/div>\n\t\t\t\t<\/div>\n\t\t\t\t\t<\/div>\n\t\t<\/div>\n\t\t\t\t\t<\/div>\n\t\t<\/section>\n\t\t\t\t<section class=\"elementor-section elementor-top-section elementor-element elementor-element-643ce457 elementor-section-boxed elementor-section-height-default elementor-section-height-default\" data-id=\"643ce457\" data-element_type=\"section\">\n\t\t\t\t\t\t<div class=\"elementor-container elementor-column-gap-default\">\n\t\t\t\t\t<div class=\"elementor-column elementor-col-100 elementor-top-column elementor-element elementor-element-47a26473\" data-id=\"47a26473\" data-element_type=\"column\">\n\t\t\t<div class=\"elementor-widget-wrap elementor-element-populated\">\n\t\t\t\t\t\t<section class=\"elementor-section elementor-inner-section elementor-element elementor-element-ef64b9d elementor-section-content-middle elementor-section-boxed elementor-section-height-default elementor-section-height-default\" data-id=\"ef64b9d\" data-element_type=\"section\">\n\t\t\t\t\t\t<div class=\"elementor-container elementor-column-gap-wide\">\n\t\t\t\t\t<div class=\"elementor-column elementor-col-50 elementor-inner-column elementor-element elementor-element-7b19564 elementor-invisible\" data-id=\"7b19564\" data-element_type=\"column\" data-settings=\"{&quot;animation&quot;:&quot;zoomInLeft&quot;}\">\n\t\t\t<div class=\"elementor-widget-wrap elementor-element-populated\">\n\t\t\t\t\t\t<div class=\"elementor-element elementor-element-427d4c29 elementor-widget elementor-widget-image\" data-id=\"427d4c29\" data-element_type=\"widget\" data-fancybox=\"image\" data-widget_type=\"image.default\">\n\t\t\t\t<div class=\"elementor-widget-container\">\n\t\t\t\t\t\t\t\t\t\t\t\t\t\t\t<img fetchpriority=\"high\" decoding=\"async\" width=\"1024\" height=\"683\" src=\"https:\/\/danone.cz\/web\/wp-content\/uploads\/sites\/2\/2020\/12\/28-1-scaled-1024x683.jpg\" class=\"attachment-large size-large wp-image-192901\" alt=\"\" srcset=\"https:\/\/danone.cz\/web\/wp-content\/uploads\/sites\/2\/2020\/12\/28-1-scaled-1024x683.jpg 1024w, https:\/\/danone.cz\/web\/wp-content\/uploads\/sites\/2\/2020\/12\/28-1-scaled-300x200.jpg 300w, https:\/\/danone.cz\/web\/wp-content\/uploads\/sites\/2\/2020\/12\/28-1-scaled-768x512.jpg 768w, https:\/\/danone.cz\/web\/wp-content\/uploads\/sites\/2\/2020\/12\/28-1-scaled-1536x1024.jpg 1536w, https:\/\/danone.cz\/web\/wp-content\/uploads\/sites\/2\/2020\/12\/28-1-scaled-2048x1366.jpg 2048w, https:\/\/danone.cz\/web\/wp-content\/uploads\/sites\/2\/2020\/12\/28-1-scaled-200x133.jpg 200w, https:\/\/danone.cz\/web\/wp-content\/uploads\/sites\/2\/2020\/12\/28-1-scaled.jpg 1920w\" sizes=\"(max-width: 1024px) 100vw, 1024px\" \/>\t\t\t\t\t\t\t\t\t\t\t\t\t\t\t<\/div>\n\t\t\t\t<\/div>\n\t\t\t\t\t<\/div>\n\t\t<\/div>\n\t\t\t\t<div class=\"elementor-column elementor-col-50 elementor-inner-column elementor-element elementor-element-16d0947e\" data-id=\"16d0947e\" data-element_type=\"column\">\n\t\t\t<div class=\"elementor-widget-wrap elementor-element-populated\">\n\t\t\t\t\t\t<div class=\"elementor-element elementor-element-298dba01 elementor-widget elementor-widget-text-editor\" data-id=\"298dba01\" data-element_type=\"widget\" data-widget_type=\"text-editor.default\">\n\t\t\t\t<div class=\"elementor-widget-container\">\n\t\t\t\t\t\t\t\t\t<p><span lang=\"CS\" style=\"font-size:12.0pt;line-height:107%;,sans-serif\">S c\u00edlem zlep\u0161it kvalitu na\u0161eho \u017eivota \u00fazce souvis\u00ed i touha \u010dlov\u011bka\nneust\u00e1le hledat nov\u00e9 a lep\u0161\u00ed alternativy ke klasick\u00e9mu zp\u016fsobu stravov\u00e1n\u00ed.\nLidem u\u017e nesta\u010d\u00ed tradi\u010dn\u00ed kuchyn\u011b, a proto se rozhl\u00ed\u017eej\u00ed po nov\u00fdch mo\u017enostech,\nkter\u00e9 s sebou p\u0159in\u00e1\u0161ej\u00ed i nov\u00e9 benefity \u2013 u\u0161et\u0159\u00ed \u010das, jsou zdrav\u00e9 nebo dokonce\n\u0161etrn\u011bj\u0161\u00ed k \u017eivotn\u00edmu prost\u0159ed\u00ed. Z\u00e1rove\u0148 spot\u0159ebitel\u00e9 po cel\u00e9m sv\u011bt\u011b v\u011bnuj\u00ed\ndaleko v\u011bt\u0161\u00ed pozornost tomu, co nakupuj\u00ed. Pe\u010dliv\u011b zkoumaj\u00ed produkty, a to nejen\nnich slo\u017een\u00ed, ale zaj\u00edmaj\u00ed se tak\u00e9 o to, kdo stoj\u00ed za zna\u010dkou, jak byly\npotraviny p\u0159ipraven\u00e9, a kde a jak byly jednotliv\u00e9 suroviny vyp\u011bstov\u00e1ny.<\/span><br><\/p><p>V\u00edte ale, co znamen\u00e1 b\u00fdt flexitari\u00e1nem? Flexitari\u00e1nstv\u00ed se n\u011bkdy tak\u00e9 \u0159\u00edk\u00e1 &#8222;p\u0159\u00edle\u017eitostn\u00e9 vegetari\u00e1nstv\u00ed&#8220;, a jde o jeho m\u00edrn\u011bj\u0161\u00ed formu. Je to zp\u016fsob stravov\u00e1n\u00ed, kter\u00fd je zalo\u017een na rostlinn\u00e9 strav\u011b, ale zahrnuje tak\u00e9 konzumaci ml\u00e9\u010dn\u00fdch a p\u0159\u00edle\u017eitostn\u011b masit\u00fdch pokrm\u016f. Na popularit\u011b z\u00edsk\u00e1v\u00e1 d\u00edky dopadu na \u017eivotn\u00ed prost\u0159ed\u00ed. Tento stravovac\u00ed sm\u011br je zalo\u017een na zv\u00fd\u0161en\u00e9m p\u0159\u00edjmu rostlinn\u00fdch produkt\u016f, av\u0161ak ne na \u00fapln\u00e9m vylou\u010den\u00ed masa z j\u00eddeln\u00ed\u010dku, sp\u00ed\u0161e na jeho obohaceni o nov\u00e9 potraviny, kter\u00e9 mohou b\u00fdt velmi prosp\u011b\u0161n\u00e9 pro zdrav\u00ed a bohat\u00fdm zdrojem b\u00edlkovin.<\/p>\t\t\t\t\t\t\t\t<\/div>\n\t\t\t\t<\/div>\n\t\t\t\t\t<\/div>\n\t\t<\/div>\n\t\t\t\t\t<\/div>\n\t\t<\/section>\n\t\t\t\t\t<\/div>\n\t\t<\/div>\n\t\t\t\t\t<\/div>\n\t\t<\/section>\n\t\t\t\t<\/div>\n\t\t","protected":false},"excerpt":{"rendered":"<p>Sta\u0148te se s n\u00e1mi flexitari\u00e1nem\u200b S c\u00edlem zlep\u0161it kvalitu na\u0161eho \u017eivota \u00fazce souvis\u00ed i touha \u010dlov\u011bka neust\u00e1le hledat nov\u00e9 a lep\u0161\u00ed alternativy ke klasick\u00e9mu zp\u016fsobu stravov\u00e1n\u00ed. Lidem u\u017e nesta\u010d\u00ed tradi\u010dn\u00ed kuchyn\u011b, a proto se rozhl\u00ed\u017eej\u00ed po nov\u00fdch mo\u017enostech, kter\u00e9 s sebou p\u0159in\u00e1\u0161ej\u00ed i nov\u00e9 benefity \u2013 u\u0161et\u0159\u00ed \u010das, jsou zdrav\u00e9 nebo dokonce \u0161etrn\u011bj\u0161\u00ed k \u017eivotn\u00edmu [&hellip;]<\/p>\n","protected":false},"author":1,"featured_media":192580,"parent":0,"menu_order":2,"comment_status":"closed","ping_status":"closed","template":"views\/template-recipe.blade.php","meta":{"footnotes":""},"class_list":["post-192578","page","type-page","status-publish","has-post-thumbnail","hentry"],"acf":[],"_links":{"self":[{"href":"https:\/\/danone.cz\/web\/wp-json\/wp\/v2\/pages\/192578","targetHints":{"allow":["GET"]}}],"collection":[{"href":"https:\/\/danone.cz\/web\/wp-json\/wp\/v2\/pages"}],"about":[{"href":"https:\/\/danone.cz\/web\/wp-json\/wp\/v2\/types\/page"}],"author":[{"embeddable":true,"href":"https:\/\/danone.cz\/web\/wp-json\/wp\/v2\/users\/1"}],"replies":[{"embeddable":true,"href":"https:\/\/danone.cz\/web\/wp-json\/wp\/v2\/comments?post=192578"}],"version-history":[{"count":5,"href":"https:\/\/danone.cz\/web\/wp-json\/wp\/v2\/pages\/192578\/revisions"}],"predecessor-version":[{"id":193182,"href":"https:\/\/danone.cz\/web\/wp-json\/wp\/v2\/pages\/192578\/revisions\/193182"}],"wp:featuredmedia":[{"embeddable":true,"href":"https:\/\/danone.cz\/web\/wp-json\/wp\/v2\/media\/192580"}],"wp:attachment":[{"href":"https:\/\/danone.cz\/web\/wp-json\/wp\/v2\/media?parent=192578"}],"curies":[{"name":"wp","href":"https:\/\/api.w.org\/{rel}","templated":true}]}}