{"id":192549,"date":"2020-12-02T00:25:27","date_gmt":"2020-12-01T23:25:27","guid":{"rendered":"https:\/\/danone-edp.test\/?page_id=92549"},"modified":"2020-12-23T23:48:52","modified_gmt":"2020-12-23T22:48:52","slug":"myty-a-fakta-o-jogurtu","status":"publish","type":"page","link":"https:\/\/danone.cz\/web\/o-jogurtu\/myty-a-fakta-o-jogurtu\/","title":{"rendered":"M\u00fdty a fakta o jogurtu"},"content":{"rendered":"\t\t<div data-elementor-type=\"wp-post\" data-elementor-id=\"192549\" class=\"elementor elementor-192549\" data-elementor-post-type=\"page\">\n\t\t\t\t\t\t<section class=\"elementor-section elementor-top-section elementor-element elementor-element-7c0abb7d elementor-section-boxed elementor-section-height-default elementor-section-height-default\" data-id=\"7c0abb7d\" data-element_type=\"section\">\n\t\t\t\t\t\t<div class=\"elementor-container elementor-column-gap-default\">\n\t\t\t\t\t<div class=\"elementor-column elementor-col-100 elementor-top-column elementor-element elementor-element-2b23819a\" data-id=\"2b23819a\" data-element_type=\"column\">\n\t\t\t<div class=\"elementor-widget-wrap elementor-element-populated\">\n\t\t\t\t\t\t<div class=\"elementor-element elementor-element-922a498 elementor-widget elementor-widget-heading\" data-id=\"922a498\" data-element_type=\"widget\" data-widget_type=\"heading.default\">\n\t\t\t\t<div class=\"elementor-widget-container\">\n\t\t\t\t\t<h1 class=\"elementor-heading-title elementor-size-default\">M\u00fdty a fakta o jogurtu<\/h1>\t\t\t\t<\/div>\n\t\t\t\t<\/div>\n\t\t\t\t\t<\/div>\n\t\t<\/div>\n\t\t\t\t\t<\/div>\n\t\t<\/section>\n\t\t\t\t<section class=\"elementor-section elementor-top-section elementor-element elementor-element-6c734ae3 elementor-section-boxed elementor-section-height-default elementor-section-height-default\" data-id=\"6c734ae3\" data-element_type=\"section\">\n\t\t\t\t\t\t<div class=\"elementor-container elementor-column-gap-default\">\n\t\t\t\t\t<div class=\"elementor-column elementor-col-100 elementor-top-column elementor-element elementor-element-1c2322cb\" data-id=\"1c2322cb\" data-element_type=\"column\">\n\t\t\t<div class=\"elementor-widget-wrap elementor-element-populated\">\n\t\t\t\t\t\t<section class=\"elementor-section elementor-inner-section elementor-element elementor-element-a7e80bc elementor-section-content-middle elementor-section-boxed elementor-section-height-default elementor-section-height-default\" data-id=\"a7e80bc\" data-element_type=\"section\">\n\t\t\t\t\t\t<div class=\"elementor-container elementor-column-gap-wide\">\n\t\t\t\t\t<div class=\"elementor-column elementor-col-50 elementor-inner-column elementor-element elementor-element-5c27dfce elementor-invisible\" data-id=\"5c27dfce\" data-element_type=\"column\" data-settings=\"{&quot;animation&quot;:&quot;zoomInLeft&quot;}\">\n\t\t\t<div class=\"elementor-widget-wrap elementor-element-populated\">\n\t\t\t\t\t\t<div class=\"elementor-element elementor-element-21ac9e9f elementor-widget elementor-widget-image\" data-id=\"21ac9e9f\" data-element_type=\"widget\" data-fancybox=\"image\" data-widget_type=\"image.default\">\n\t\t\t\t<div class=\"elementor-widget-container\">\n\t\t\t\t\t\t\t\t\t\t\t\t\t\t\t<img fetchpriority=\"high\" decoding=\"async\" width=\"480\" height=\"380\" src=\"https:\/\/danone.cz\/web\/wp-content\/uploads\/sites\/2\/2020\/12\/mytus-1.png\" class=\"attachment-large size-large wp-image-192554\" alt=\"\" srcset=\"https:\/\/danone.cz\/web\/wp-content\/uploads\/sites\/2\/2020\/12\/mytus-1.png 480w, https:\/\/danone.cz\/web\/wp-content\/uploads\/sites\/2\/2020\/12\/mytus-1-300x238.png 300w, https:\/\/danone.cz\/web\/wp-content\/uploads\/sites\/2\/2020\/12\/mytus-1-200x158.png 200w\" sizes=\"(max-width: 480px) 100vw, 480px\" \/>\t\t\t\t\t\t\t\t\t\t\t\t\t\t\t<\/div>\n\t\t\t\t<\/div>\n\t\t\t\t\t<\/div>\n\t\t<\/div>\n\t\t\t\t<div class=\"elementor-column elementor-col-50 elementor-inner-column elementor-element elementor-element-403b80ba\" data-id=\"403b80ba\" data-element_type=\"column\">\n\t\t\t<div class=\"elementor-widget-wrap elementor-element-populated\">\n\t\t\t\t\t\t<div class=\"elementor-element elementor-element-15a35fb elementor-widget elementor-widget-text-editor\" data-id=\"15a35fb\" data-element_type=\"widget\" data-widget_type=\"text-editor.default\">\n\t\t\t\t<div class=\"elementor-widget-container\">\n\t\t\t\t\t\t\t\t\tV\u016fbec ne! B\u011bhem v\u00fdroby jogurtu doch\u00e1z\u00ed za pomoci \u017eiv\u00fdch kultur k p\u0159em\u011bn\u011b lakt\u00f3zy na kyselinu ml\u00e9\u010dnou, kter\u00e1 p\u0159irozen\u00fdm zp\u016fsobem prodlu\u017euje trvanlivost p\u016fvodn\u00ed potraviny. P\u0159i spr\u00e1vn\u00e9m postupu skladov\u00e1n\u00ed a d\u016fkladn\u00e9m uzav\u0159en\u00ed obalu tak jogurt vydr\u017e\u00ed a\u017e 30 dn\u00ed. \t\t\t\t\t\t\t\t<\/div>\n\t\t\t\t<\/div>\n\t\t\t\t\t<\/div>\n\t\t<\/div>\n\t\t\t\t\t<\/div>\n\t\t<\/section>\n\t\t\t\t\t<\/div>\n\t\t<\/div>\n\t\t\t\t\t<\/div>\n\t\t<\/section>\n\t\t\t\t<section class=\"elementor-section elementor-top-section elementor-element elementor-element-3c378277 elementor-section-boxed elementor-section-height-default elementor-section-height-default\" data-id=\"3c378277\" data-element_type=\"section\">\n\t\t\t\t\t\t<div class=\"elementor-container elementor-column-gap-default\">\n\t\t\t\t\t<div class=\"elementor-column elementor-col-100 elementor-top-column elementor-element elementor-element-2991f036\" data-id=\"2991f036\" data-element_type=\"column\">\n\t\t\t<div class=\"elementor-widget-wrap elementor-element-populated\">\n\t\t\t\t\t\t<section class=\"elementor-section elementor-inner-section elementor-element elementor-element-314399b3 elementor-section-content-middle elementor-reverse-mobile elementor-section-boxed elementor-section-height-default elementor-section-height-default\" data-id=\"314399b3\" data-element_type=\"section\">\n\t\t\t\t\t\t<div class=\"elementor-container elementor-column-gap-wide\">\n\t\t\t\t\t<div class=\"elementor-column elementor-col-50 elementor-inner-column elementor-element elementor-element-6863c104\" data-id=\"6863c104\" data-element_type=\"column\">\n\t\t\t<div class=\"elementor-widget-wrap elementor-element-populated\">\n\t\t\t\t\t\t<div class=\"elementor-element elementor-element-2c65df87 elementor-widget elementor-widget-text-editor\" data-id=\"2c65df87\" data-element_type=\"widget\" data-widget_type=\"text-editor.default\">\n\t\t\t\t<div class=\"elementor-widget-container\">\n\t\t\t\t\t\t\t\t\tTak tohle tvrzen\u00ed by nemohlo b\u00fdt d\u00e1l od pravdy. Podle samotn\u00e9 definice jogurtu v na\u0161\u00ed i evropsk\u00e9 legislativ\u011b mus\u00ed b\u00fdt \u017eiv\u00e1 jogurtov\u00e1 mikrofl\u00f3ra obsa\u017een\u00e1 v ka\u017ed\u00e9m v\u00fdrobku i na konci data trvanlivosti. A proto\u017ee je nezbytn\u00e1 u\u017e pro jeho vznik, najdete ji skute\u010dn\u011b ve v\u0161ech jogurtech!\t\t\t\t\t\t\t\t<\/div>\n\t\t\t\t<\/div>\n\t\t\t\t\t<\/div>\n\t\t<\/div>\n\t\t\t\t<div class=\"elementor-column elementor-col-50 elementor-inner-column elementor-element elementor-element-113e5c1\" data-id=\"113e5c1\" data-element_type=\"column\">\n\t\t\t<div class=\"elementor-widget-wrap elementor-element-populated\">\n\t\t\t\t\t\t<div class=\"elementor-element elementor-element-541b1ca8 elementor-invisible elementor-widget elementor-widget-image\" data-id=\"541b1ca8\" data-element_type=\"widget\" data-settings=\"{&quot;_animation&quot;:&quot;fadeInRight&quot;}\" data-fancybox=\"image\" data-widget_type=\"image.default\">\n\t\t\t\t<div class=\"elementor-widget-container\">\n\t\t\t\t\t\t\t\t\t\t\t\t\t\t\t<img decoding=\"async\" width=\"480\" height=\"380\" src=\"https:\/\/danone.cz\/web\/wp-content\/uploads\/sites\/2\/2020\/12\/mytus-2.png\" class=\"attachment-large size-large wp-image-192555\" alt=\"\" srcset=\"https:\/\/danone.cz\/web\/wp-content\/uploads\/sites\/2\/2020\/12\/mytus-2.png 480w, https:\/\/danone.cz\/web\/wp-content\/uploads\/sites\/2\/2020\/12\/mytus-2-300x238.png 300w, https:\/\/danone.cz\/web\/wp-content\/uploads\/sites\/2\/2020\/12\/mytus-2-200x158.png 200w\" sizes=\"(max-width: 480px) 100vw, 480px\" \/>\t\t\t\t\t\t\t\t\t\t\t\t\t\t\t<\/div>\n\t\t\t\t<\/div>\n\t\t\t\t\t<\/div>\n\t\t<\/div>\n\t\t\t\t\t<\/div>\n\t\t<\/section>\n\t\t\t\t\t<\/div>\n\t\t<\/div>\n\t\t\t\t\t<\/div>\n\t\t<\/section>\n\t\t\t\t<section class=\"elementor-section elementor-top-section elementor-element elementor-element-578162d2 elementor-section-boxed elementor-section-height-default elementor-section-height-default\" data-id=\"578162d2\" data-element_type=\"section\">\n\t\t\t\t\t\t<div class=\"elementor-container elementor-column-gap-default\">\n\t\t\t\t\t<div class=\"elementor-column elementor-col-100 elementor-top-column elementor-element elementor-element-73a448dc\" data-id=\"73a448dc\" data-element_type=\"column\">\n\t\t\t<div class=\"elementor-widget-wrap elementor-element-populated\">\n\t\t\t\t\t\t<section class=\"elementor-section elementor-inner-section elementor-element elementor-element-5a3cf29a elementor-section-content-middle elementor-section-boxed elementor-section-height-default elementor-section-height-default\" data-id=\"5a3cf29a\" data-element_type=\"section\">\n\t\t\t\t\t\t<div class=\"elementor-container elementor-column-gap-wide\">\n\t\t\t\t\t<div class=\"elementor-column elementor-col-50 elementor-inner-column elementor-element elementor-element-29b3449f elementor-invisible\" data-id=\"29b3449f\" data-element_type=\"column\" data-settings=\"{&quot;animation&quot;:&quot;zoomInLeft&quot;}\">\n\t\t\t<div class=\"elementor-widget-wrap elementor-element-populated\">\n\t\t\t\t\t\t<div class=\"elementor-element elementor-element-26859011 elementor-widget elementor-widget-image\" data-id=\"26859011\" data-element_type=\"widget\" data-widget_type=\"image.default\">\n\t\t\t\t<div class=\"elementor-widget-container\">\n\t\t\t\t\t\t\t\t\t\t\t\t\t\t\t<img decoding=\"async\" width=\"480\" height=\"380\" src=\"https:\/\/danone.cz\/web\/wp-content\/uploads\/sites\/2\/2020\/12\/mytus-3.png\" class=\"attachment-large size-large wp-image-192556\" alt=\"\" srcset=\"https:\/\/danone.cz\/web\/wp-content\/uploads\/sites\/2\/2020\/12\/mytus-3.png 480w, https:\/\/danone.cz\/web\/wp-content\/uploads\/sites\/2\/2020\/12\/mytus-3-300x238.png 300w, https:\/\/danone.cz\/web\/wp-content\/uploads\/sites\/2\/2020\/12\/mytus-3-200x158.png 200w\" sizes=\"(max-width: 480px) 100vw, 480px\" \/>\t\t\t\t\t\t\t\t\t\t\t\t\t\t\t<\/div>\n\t\t\t\t<\/div>\n\t\t\t\t\t<\/div>\n\t\t<\/div>\n\t\t\t\t<div class=\"elementor-column elementor-col-50 elementor-inner-column elementor-element elementor-element-57332a80\" data-id=\"57332a80\" data-element_type=\"column\">\n\t\t\t<div class=\"elementor-widget-wrap elementor-element-populated\">\n\t\t\t\t\t\t<div class=\"elementor-element elementor-element-76c4736c elementor-widget elementor-widget-text-editor\" data-id=\"76c4736c\" data-element_type=\"widget\" data-widget_type=\"text-editor.default\">\n\t\t\t\t<div class=\"elementor-widget-container\">\n\t\t\t\t\t\t\t\t\tNen\u00ed to pravda, svou trvanlivost si z\u00edsk\u00e1v\u00e1 d\u00edky p\u0159irozen\u00e9 konzervaci, kter\u00e1 vznik\u00e1 b\u011bhem kva\u0161en\u00ed ml\u00e9ka. Doch\u00e1z\u00ed p\u0159i n\u011bm k okyselen\u00ed prost\u0159ed\u00ed a sn\u00ed\u017een\u00ed pH produktu, co\u017e zamezuje r\u016fstu ne\u017e\u00e1douc\u00edch bakteri\u00ed. Chu\u0165 jogurtu si tak m\u016f\u017eete vychutnat bez um\u011bl\u00fdch konzervant\u016f.\t\t\t\t\t\t\t\t<\/div>\n\t\t\t\t<\/div>\n\t\t\t\t\t<\/div>\n\t\t<\/div>\n\t\t\t\t\t<\/div>\n\t\t<\/section>\n\t\t\t\t\t<\/div>\n\t\t<\/div>\n\t\t\t\t\t<\/div>\n\t\t<\/section>\n\t\t\t\t<section class=\"elementor-section elementor-top-section elementor-element elementor-element-6929a67d elementor-section-boxed elementor-section-height-default elementor-section-height-default\" data-id=\"6929a67d\" data-element_type=\"section\">\n\t\t\t\t\t\t<div class=\"elementor-container elementor-column-gap-default\">\n\t\t\t\t\t<div class=\"elementor-column elementor-col-100 elementor-top-column elementor-element elementor-element-22964809\" data-id=\"22964809\" data-element_type=\"column\">\n\t\t\t<div class=\"elementor-widget-wrap elementor-element-populated\">\n\t\t\t\t\t\t<section class=\"elementor-section elementor-inner-section elementor-element elementor-element-a99d00 elementor-section-content-middle elementor-reverse-mobile elementor-section-boxed elementor-section-height-default elementor-section-height-default\" data-id=\"a99d00\" data-element_type=\"section\">\n\t\t\t\t\t\t<div class=\"elementor-container elementor-column-gap-wide\">\n\t\t\t\t\t<div class=\"elementor-column elementor-col-50 elementor-inner-column elementor-element elementor-element-64ba36cb\" data-id=\"64ba36cb\" data-element_type=\"column\">\n\t\t\t<div class=\"elementor-widget-wrap elementor-element-populated\">\n\t\t\t\t\t\t<div class=\"elementor-element elementor-element-7abdd5ca elementor-widget elementor-widget-text-editor\" data-id=\"7abdd5ca\" data-element_type=\"widget\" data-widget_type=\"text-editor.default\">\n\t\t\t\t<div class=\"elementor-widget-container\">\n\t\t\t\t\t\t\t\t\tLid\u00e9 si na jogurtech pochutn\u00e1vaj\u00ed ji\u017e stovky let. To, \u017ee za jejich vznikem stoj\u00ed \u017eiv\u00e9 mikrobi\u00e1ln\u00ed kultury, objevil po\u010d\u00e1tkem 20. stolet\u00ed jeden bulharsk\u00fd l\u00e9ka\u0159 (Stamen Grigorov). Od t\u00e9 doby se jejich v\u00fdroba v z\u00e1sad\u011b nezm\u011bnila. Co se ale zlep\u0161ilo, to byly hygienick\u00e9 podm\u00ednky p\u0159i v\u00fdrob\u011b a tak\u00e9 zp\u016fsob balen\u00ed. Jinak jsou dne\u0161n\u00ed jogurty stejn\u00e9 jako ty za dob na\u0161ich praprababi\u010dek.\t\t\t\t\t\t\t\t<\/div>\n\t\t\t\t<\/div>\n\t\t\t\t\t<\/div>\n\t\t<\/div>\n\t\t\t\t<div class=\"elementor-column elementor-col-50 elementor-inner-column elementor-element elementor-element-496b6091 elementor-invisible\" data-id=\"496b6091\" data-element_type=\"column\" data-settings=\"{&quot;animation&quot;:&quot;zoomInRight&quot;}\">\n\t\t\t<div class=\"elementor-widget-wrap elementor-element-populated\">\n\t\t\t\t\t\t<div class=\"elementor-element elementor-element-745af936 elementor-widget elementor-widget-image\" data-id=\"745af936\" data-element_type=\"widget\" data-fancybox=\"image\" data-widget_type=\"image.default\">\n\t\t\t\t<div class=\"elementor-widget-container\">\n\t\t\t\t\t\t\t\t\t\t\t\t\t\t\t<img loading=\"lazy\" decoding=\"async\" width=\"480\" height=\"380\" src=\"https:\/\/danone.cz\/web\/wp-content\/uploads\/sites\/2\/2020\/12\/mytus-4.png\" class=\"attachment-large size-large wp-image-192557\" alt=\"\" srcset=\"https:\/\/danone.cz\/web\/wp-content\/uploads\/sites\/2\/2020\/12\/mytus-4.png 480w, https:\/\/danone.cz\/web\/wp-content\/uploads\/sites\/2\/2020\/12\/mytus-4-300x238.png 300w, https:\/\/danone.cz\/web\/wp-content\/uploads\/sites\/2\/2020\/12\/mytus-4-200x158.png 200w\" sizes=\"(max-width: 480px) 100vw, 480px\" \/>\t\t\t\t\t\t\t\t\t\t\t\t\t\t\t<\/div>\n\t\t\t\t<\/div>\n\t\t\t\t\t<\/div>\n\t\t<\/div>\n\t\t\t\t\t<\/div>\n\t\t<\/section>\n\t\t\t\t\t<\/div>\n\t\t<\/div>\n\t\t\t\t\t<\/div>\n\t\t<\/section>\n\t\t\t\t<section class=\"elementor-section elementor-top-section elementor-element elementor-element-2f796828 elementor-section-boxed elementor-section-height-default elementor-section-height-default\" data-id=\"2f796828\" data-element_type=\"section\">\n\t\t\t\t\t\t<div class=\"elementor-container elementor-column-gap-default\">\n\t\t\t\t\t<div class=\"elementor-column elementor-col-100 elementor-top-column elementor-element elementor-element-421188f7\" data-id=\"421188f7\" data-element_type=\"column\">\n\t\t\t<div class=\"elementor-widget-wrap elementor-element-populated\">\n\t\t\t\t\t\t<section class=\"elementor-section elementor-inner-section elementor-element elementor-element-30f261ed elementor-section-content-middle elementor-section-boxed elementor-section-height-default elementor-section-height-default\" data-id=\"30f261ed\" data-element_type=\"section\">\n\t\t\t\t\t\t<div class=\"elementor-container elementor-column-gap-wide\">\n\t\t\t\t\t<div class=\"elementor-column elementor-col-50 elementor-inner-column elementor-element elementor-element-6a5eb867 elementor-invisible\" data-id=\"6a5eb867\" data-element_type=\"column\" data-settings=\"{&quot;animation&quot;:&quot;zoomInLeft&quot;}\" data-fancybox=\"image\">\n\t\t\t<div class=\"elementor-widget-wrap elementor-element-populated\">\n\t\t\t\t\t\t<div class=\"elementor-element elementor-element-5c3f136b elementor-widget elementor-widget-image\" data-id=\"5c3f136b\" data-element_type=\"widget\" data-widget_type=\"image.default\">\n\t\t\t\t<div class=\"elementor-widget-container\">\n\t\t\t\t\t\t\t\t\t\t\t\t\t\t\t<img loading=\"lazy\" decoding=\"async\" width=\"480\" height=\"380\" src=\"https:\/\/danone.cz\/web\/wp-content\/uploads\/sites\/2\/2020\/12\/mytus-5.png\" class=\"attachment-large size-large wp-image-192558\" alt=\"\" srcset=\"https:\/\/danone.cz\/web\/wp-content\/uploads\/sites\/2\/2020\/12\/mytus-5.png 480w, https:\/\/danone.cz\/web\/wp-content\/uploads\/sites\/2\/2020\/12\/mytus-5-300x238.png 300w, https:\/\/danone.cz\/web\/wp-content\/uploads\/sites\/2\/2020\/12\/mytus-5-200x158.png 200w\" sizes=\"(max-width: 480px) 100vw, 480px\" \/>\t\t\t\t\t\t\t\t\t\t\t\t\t\t\t<\/div>\n\t\t\t\t<\/div>\n\t\t\t\t\t<\/div>\n\t\t<\/div>\n\t\t\t\t<div class=\"elementor-column elementor-col-50 elementor-inner-column elementor-element elementor-element-19ce4d7f\" data-id=\"19ce4d7f\" data-element_type=\"column\">\n\t\t\t<div class=\"elementor-widget-wrap elementor-element-populated\">\n\t\t\t\t\t\t<div class=\"elementor-element elementor-element-6cf23f6 elementor-widget elementor-widget-text-editor\" data-id=\"6cf23f6\" data-element_type=\"widget\" data-widget_type=\"text-editor.default\">\n\t\t\t\t<div class=\"elementor-widget-container\">\n\t\t\t\t\t\t\t\t\tVe skute\u010dnosti je to naopak. V\u00e1pn\u00edk je toti\u017e v\u00e1zan\u00fd na b\u00edlkoviny ml\u00e9ka a \u010d\u00edm v\u00edce jich v produktu je, t\u00edm vy\u0161\u0161\u00ed je tak\u00e9 pod\u00edl tohoto miner\u00e1lu. S vy\u0161\u0161\u00edm obsahem tuku v\u0161ak mno\u017estv\u00ed b\u00edlkovin kles\u00e1, na tuky bohat\u0161\u00ed smetanov\u00e9 v\u00fdrobky tedy obsahuj\u00ed m\u00e9n\u011b v\u00e1pn\u00edku ne\u017e klasick\u00e9 jogurty.\t\t\t\t\t\t\t\t<\/div>\n\t\t\t\t<\/div>\n\t\t\t\t\t<\/div>\n\t\t<\/div>\n\t\t\t\t\t<\/div>\n\t\t<\/section>\n\t\t\t\t\t<\/div>\n\t\t<\/div>\n\t\t\t\t\t<\/div>\n\t\t<\/section>\n\t\t\t\t<section class=\"elementor-section elementor-top-section elementor-element elementor-element-2fc6e23 elementor-section-boxed elementor-section-height-default elementor-section-height-default\" data-id=\"2fc6e23\" data-element_type=\"section\">\n\t\t\t\t\t\t<div class=\"elementor-container elementor-column-gap-default\">\n\t\t\t\t\t<div class=\"elementor-column elementor-col-100 elementor-top-column elementor-element elementor-element-47e52c36\" data-id=\"47e52c36\" data-element_type=\"column\">\n\t\t\t<div class=\"elementor-widget-wrap elementor-element-populated\">\n\t\t\t\t\t\t<section class=\"elementor-section elementor-inner-section elementor-element elementor-element-3c4d13c4 elementor-section-content-middle elementor-reverse-mobile elementor-section-boxed elementor-section-height-default elementor-section-height-default\" data-id=\"3c4d13c4\" data-element_type=\"section\">\n\t\t\t\t\t\t<div class=\"elementor-container elementor-column-gap-wide\">\n\t\t\t\t\t<div class=\"elementor-column elementor-col-50 elementor-inner-column elementor-element elementor-element-73c859b6\" data-id=\"73c859b6\" data-element_type=\"column\">\n\t\t\t<div class=\"elementor-widget-wrap elementor-element-populated\">\n\t\t\t\t\t\t<div class=\"elementor-element elementor-element-5bfd3297 elementor-widget elementor-widget-text-editor\" data-id=\"5bfd3297\" data-element_type=\"widget\" data-widget_type=\"text-editor.default\">\n\t\t\t\t<div class=\"elementor-widget-container\">\n\t\t\t\t\t\t\t\t\tJogurty se vyr\u00e1b\u00ed jedn\u00edm ze dvou zp\u016fsob\u016f. B\u011bhem prvn\u00edho zraj\u00ed po p\u0159id\u00e1n\u00ed \u017eiv\u00fdch kultur p\u0159\u00edmo ve spot\u0159ebitelsk\u00e9m obalu, p\u0159i druh\u00e9m prob\u00edh\u00e1 fermentace v procesn\u00edm tanku a do obal\u016f se pln\u00ed a\u017e hotov\u00fd produkt. Li\u0161\u00ed se svou strukturou, v\u00fd\u017eivov\u00e9 vlastnosti i obsah \u017eiv\u00fdch kultur jsou ale v obou p\u0159\u00edpadech stejn\u00e9.\t\t\t\t\t\t\t\t<\/div>\n\t\t\t\t<\/div>\n\t\t\t\t\t<\/div>\n\t\t<\/div>\n\t\t\t\t<div class=\"elementor-column elementor-col-50 elementor-inner-column elementor-element elementor-element-786204b7 elementor-invisible\" data-id=\"786204b7\" data-element_type=\"column\" data-settings=\"{&quot;animation&quot;:&quot;zoomInRight&quot;}\">\n\t\t\t<div class=\"elementor-widget-wrap elementor-element-populated\">\n\t\t\t\t\t\t<div class=\"elementor-element elementor-element-6bb97f4f elementor-widget elementor-widget-image\" data-id=\"6bb97f4f\" data-element_type=\"widget\" data-fancybox=\"image\" data-widget_type=\"image.default\">\n\t\t\t\t<div class=\"elementor-widget-container\">\n\t\t\t\t\t\t\t\t\t\t\t\t\t\t\t<img loading=\"lazy\" decoding=\"async\" width=\"480\" height=\"380\" src=\"https:\/\/danone.cz\/web\/wp-content\/uploads\/sites\/2\/2020\/12\/mytus-6.png\" class=\"attachment-large size-large wp-image-192559\" alt=\"\" srcset=\"https:\/\/danone.cz\/web\/wp-content\/uploads\/sites\/2\/2020\/12\/mytus-6.png 480w, https:\/\/danone.cz\/web\/wp-content\/uploads\/sites\/2\/2020\/12\/mytus-6-300x238.png 300w, https:\/\/danone.cz\/web\/wp-content\/uploads\/sites\/2\/2020\/12\/mytus-6-200x158.png 200w\" sizes=\"(max-width: 480px) 100vw, 480px\" \/>\t\t\t\t\t\t\t\t\t\t\t\t\t\t\t<\/div>\n\t\t\t\t<\/div>\n\t\t\t\t\t<\/div>\n\t\t<\/div>\n\t\t\t\t\t<\/div>\n\t\t<\/section>\n\t\t\t\t\t<\/div>\n\t\t<\/div>\n\t\t\t\t\t<\/div>\n\t\t<\/section>\n\t\t\t\t<section class=\"elementor-section elementor-top-section elementor-element elementor-element-4837f23 elementor-section-boxed elementor-section-height-default elementor-section-height-default\" data-id=\"4837f23\" data-element_type=\"section\">\n\t\t\t\t\t\t<div class=\"elementor-container elementor-column-gap-default\">\n\t\t\t\t\t<div class=\"elementor-column elementor-col-100 elementor-top-column elementor-element elementor-element-6d2a604\" data-id=\"6d2a604\" data-element_type=\"column\">\n\t\t\t<div class=\"elementor-widget-wrap elementor-element-populated\">\n\t\t\t\t\t\t<div class=\"elementor-element elementor-element-f363ffa elementor-widget elementor-widget-spacer\" data-id=\"f363ffa\" data-element_type=\"widget\" data-widget_type=\"spacer.default\">\n\t\t\t\t<div class=\"elementor-widget-container\">\n\t\t\t\t\t\t\t<div class=\"elementor-spacer\">\n\t\t\t<div class=\"elementor-spacer-inner\"><\/div>\n\t\t<\/div>\n\t\t\t\t\t\t<\/div>\n\t\t\t\t<\/div>\n\t\t\t\t\t<\/div>\n\t\t<\/div>\n\t\t\t\t\t<\/div>\n\t\t<\/section>\n\t\t\t\t<section class=\"elementor-section elementor-top-section elementor-element elementor-element-45be41b elementor-section-boxed elementor-section-height-default elementor-section-height-default\" data-id=\"45be41b\" data-element_type=\"section\">\n\t\t\t\t\t\t<div class=\"elementor-container elementor-column-gap-default\">\n\t\t\t\t\t<div class=\"elementor-column elementor-col-100 elementor-top-column elementor-element elementor-element-8a4d5a7\" data-id=\"8a4d5a7\" data-element_type=\"column\">\n\t\t\t<div class=\"elementor-widget-wrap elementor-element-populated\">\n\t\t\t\t\t\t<div class=\"elementor-element elementor-element-f7e1bc7 elementor-widget elementor-widget-heading\" data-id=\"f7e1bc7\" data-element_type=\"widget\" data-widget_type=\"heading.default\">\n\t\t\t\t<div class=\"elementor-widget-container\">\n\t\t\t\t\t<h2 class=\"elementor-heading-title elementor-size-default\">Na\u0161e ml\u00e9\u010dn\u00e9 produkty<\/h2>\t\t\t\t<\/div>\n\t\t\t\t<\/div>\n\t\t\t\t\t<\/div>\n\t\t<\/div>\n\t\t\t\t\t<\/div>\n\t\t<\/section>\n\t\t\t\t<section class=\"elementor-section elementor-top-section elementor-element elementor-element-cac4643 safari-fix-bg elementor-section-boxed elementor-section-height-default elementor-section-height-default elementor-invisible\" data-id=\"cac4643\" data-element_type=\"section\" data-settings=\"{&quot;background_background&quot;:&quot;gradient&quot;,&quot;animation&quot;:&quot;fadeIn&quot;}\">\n\t\t\t\t\t\t<div class=\"elementor-container elementor-column-gap-default\">\n\t\t\t\t\t<div class=\"elementor-column elementor-col-100 elementor-top-column elementor-element elementor-element-d9ce99b\" data-id=\"d9ce99b\" data-element_type=\"column\">\n\t\t\t<div class=\"elementor-widget-wrap elementor-element-populated\">\n\t\t\t\t\t\t\t<\/div>\n\t\t<\/div>\n\t\t\t\t\t<\/div>\n\t\t<\/section>\n\t\t\t\t<section class=\"elementor-section elementor-top-section elementor-element elementor-element-11e0640 elementor-section-boxed elementor-section-height-default elementor-section-height-default\" data-id=\"11e0640\" data-element_type=\"section\">\n\t\t\t\t\t\t<div class=\"elementor-container elementor-column-gap-default\">\n\t\t\t\t\t<div class=\"elementor-column elementor-col-100 elementor-top-column elementor-element elementor-element-a02a2b4\" data-id=\"a02a2b4\" data-element_type=\"column\">\n\t\t\t<div class=\"elementor-widget-wrap elementor-element-populated\">\n\t\t\t\t\t\t<div class=\"elementor-element elementor-element-f2b43e8 elementor-widget elementor-widget-spacer\" data-id=\"f2b43e8\" data-element_type=\"widget\" data-widget_type=\"spacer.default\">\n\t\t\t\t<div class=\"elementor-widget-container\">\n\t\t\t\t\t\t\t<div class=\"elementor-spacer\">\n\t\t\t<div class=\"elementor-spacer-inner\"><\/div>\n\t\t<\/div>\n\t\t\t\t\t\t<\/div>\n\t\t\t\t<\/div>\n\t\t\t\t\t<\/div>\n\t\t<\/div>\n\t\t\t\t\t<\/div>\n\t\t<\/section>\n\t\t\t\t<\/div>\n\t\t","protected":false},"excerpt":{"rendered":"<p>M\u00fdty a fakta o jogurtu V\u016fbec ne! B\u011bhem v\u00fdroby jogurtu doch\u00e1z\u00ed za pomoci \u017eiv\u00fdch kultur k p\u0159em\u011bn\u011b lakt\u00f3zy na kyselinu ml\u00e9\u010dnou, kter\u00e1 p\u0159irozen\u00fdm zp\u016fsobem prodlu\u017euje trvanlivost p\u016fvodn\u00ed potraviny. P\u0159i spr\u00e1vn\u00e9m postupu skladov\u00e1n\u00ed a d\u016fkladn\u00e9m uzav\u0159en\u00ed obalu tak jogurt vydr\u017e\u00ed a\u017e 30 dn\u00ed. Tak tohle tvrzen\u00ed by nemohlo b\u00fdt d\u00e1l od pravdy. Podle samotn\u00e9 definice jogurtu [&hellip;]<\/p>\n","protected":false},"author":1,"featured_media":192556,"parent":192517,"menu_order":0,"comment_status":"open","ping_status":"closed","template":"","meta":{"footnotes":""},"class_list":["post-192549","page","type-page","status-publish","has-post-thumbnail","hentry"],"acf":[],"_links":{"self":[{"href":"https:\/\/danone.cz\/web\/wp-json\/wp\/v2\/pages\/192549","targetHints":{"allow":["GET"]}}],"collection":[{"href":"https:\/\/danone.cz\/web\/wp-json\/wp\/v2\/pages"}],"about":[{"href":"https:\/\/danone.cz\/web\/wp-json\/wp\/v2\/types\/page"}],"author":[{"embeddable":true,"href":"https:\/\/danone.cz\/web\/wp-json\/wp\/v2\/users\/1"}],"replies":[{"embeddable":true,"href":"https:\/\/danone.cz\/web\/wp-json\/wp\/v2\/comments?post=192549"}],"version-history":[{"count":5,"href":"https:\/\/danone.cz\/web\/wp-json\/wp\/v2\/pages\/192549\/revisions"}],"predecessor-version":[{"id":192881,"href":"https:\/\/danone.cz\/web\/wp-json\/wp\/v2\/pages\/192549\/revisions\/192881"}],"up":[{"embeddable":true,"href":"https:\/\/danone.cz\/web\/wp-json\/wp\/v2\/pages\/192517"}],"wp:featuredmedia":[{"embeddable":true,"href":"https:\/\/danone.cz\/web\/wp-json\/wp\/v2\/media\/192556"}],"wp:attachment":[{"href":"https:\/\/danone.cz\/web\/wp-json\/wp\/v2\/media?parent=192549"}],"curies":[{"name":"wp","href":"https:\/\/api.w.org\/{rel}","templated":true}]}}