{"id":192546,"date":"2020-12-02T00:16:44","date_gmt":"2020-12-01T23:16:44","guid":{"rendered":"https:\/\/danone-edp.test\/?page_id=192546"},"modified":"2020-12-24T07:54:47","modified_gmt":"2020-12-24T06:54:47","slug":"jogurt-a-lidske-telo","status":"publish","type":"page","link":"https:\/\/danone.cz\/web\/o-jogurtu\/jogurt-a-lidske-telo\/","title":{"rendered":"Jogurt a lidsk\u00e9 t\u011blo"},"content":{"rendered":"\t\t<div data-elementor-type=\"wp-post\" data-elementor-id=\"192546\" class=\"elementor elementor-192546\" data-elementor-post-type=\"page\">\n\t\t\t\t\t\t<section class=\"elementor-section elementor-top-section elementor-element elementor-element-7a1edafb elementor-section-boxed elementor-section-height-default elementor-section-height-default\" data-id=\"7a1edafb\" data-element_type=\"section\">\n\t\t\t\t\t\t<div class=\"elementor-container elementor-column-gap-default\">\n\t\t\t\t\t<div class=\"elementor-column elementor-col-100 elementor-top-column elementor-element elementor-element-1c6e6e59\" data-id=\"1c6e6e59\" data-element_type=\"column\">\n\t\t\t<div class=\"elementor-widget-wrap elementor-element-populated\">\n\t\t\t\t\t\t<div class=\"elementor-element elementor-element-78172213 elementor-widget elementor-widget-heading\" data-id=\"78172213\" data-element_type=\"widget\" data-widget_type=\"heading.default\">\n\t\t\t\t<div class=\"elementor-widget-container\">\n\t\t\t\t\t<h1 class=\"elementor-heading-title elementor-size-default\">Jogurt a lidsk\u00e9 t\u011blo<\/h1>\t\t\t\t<\/div>\n\t\t\t\t<\/div>\n\t\t\t\t\t<\/div>\n\t\t<\/div>\n\t\t\t\t\t<\/div>\n\t\t<\/section>\n\t\t\t\t<section class=\"elementor-section elementor-top-section elementor-element elementor-element-177d6beb elementor-section-boxed elementor-section-height-default elementor-section-height-default\" data-id=\"177d6beb\" data-element_type=\"section\">\n\t\t\t\t\t\t<div class=\"elementor-container elementor-column-gap-default\">\n\t\t\t\t\t<div class=\"elementor-column elementor-col-100 elementor-top-column elementor-element elementor-element-6f2f3312\" data-id=\"6f2f3312\" data-element_type=\"column\">\n\t\t\t<div class=\"elementor-widget-wrap elementor-element-populated\">\n\t\t\t\t\t\t<section class=\"elementor-section elementor-inner-section elementor-element elementor-element-3f4eaf32 elementor-section-content-middle elementor-reverse-mobile elementor-section-boxed elementor-section-height-default elementor-section-height-default\" data-id=\"3f4eaf32\" data-element_type=\"section\">\n\t\t\t\t\t\t<div class=\"elementor-container elementor-column-gap-wide\">\n\t\t\t\t\t<div class=\"elementor-column elementor-col-50 elementor-inner-column elementor-element elementor-element-11cf41bb elementor-invisible\" data-id=\"11cf41bb\" data-element_type=\"column\" data-settings=\"{&quot;animation&quot;:&quot;fadeInLeft&quot;}\">\n\t\t\t<div class=\"elementor-widget-wrap elementor-element-populated\">\n\t\t\t\t\t\t<div class=\"elementor-element elementor-element-5bf39b95 elementor-widget elementor-widget-image\" data-id=\"5bf39b95\" data-element_type=\"widget\" data-fancybox=\"image\" data-widget_type=\"image.default\">\n\t\t\t\t<div class=\"elementor-widget-container\">\n\t\t\t\t\t\t\t\t\t\t\t\t\t\t\t<img fetchpriority=\"high\" decoding=\"async\" width=\"480\" height=\"380\" src=\"https:\/\/danone.cz\/web\/wp-content\/uploads\/sites\/2\/2020\/12\/jogurt-a-lidske-telo-1.png\" class=\"attachment-large size-large wp-image-192550\" alt=\"\" srcset=\"https:\/\/danone.cz\/web\/wp-content\/uploads\/sites\/2\/2020\/12\/jogurt-a-lidske-telo-1.png 480w, https:\/\/danone.cz\/web\/wp-content\/uploads\/sites\/2\/2020\/12\/jogurt-a-lidske-telo-1-300x238.png 300w, https:\/\/danone.cz\/web\/wp-content\/uploads\/sites\/2\/2020\/12\/jogurt-a-lidske-telo-1-200x158.png 200w\" sizes=\"(max-width: 480px) 100vw, 480px\" \/>\t\t\t\t\t\t\t\t\t\t\t\t\t\t\t<\/div>\n\t\t\t\t<\/div>\n\t\t\t\t\t<\/div>\n\t\t<\/div>\n\t\t\t\t<div class=\"elementor-column elementor-col-50 elementor-inner-column elementor-element elementor-element-1e5e7eab\" data-id=\"1e5e7eab\" data-element_type=\"column\">\n\t\t\t<div class=\"elementor-widget-wrap elementor-element-populated\">\n\t\t\t\t\t\t<div class=\"elementor-element elementor-element-e225fe1 elementor-widget elementor-widget-heading\" data-id=\"e225fe1\" data-element_type=\"widget\" data-widget_type=\"heading.default\">\n\t\t\t\t<div class=\"elementor-widget-container\">\n\t\t\t\t\t<h5 class=\"elementor-heading-title elementor-size-default\">Pro\u010d si d\u00e1t alespo\u0148 jeden jogurt denn\u011b?<\/h5>\t\t\t\t<\/div>\n\t\t\t\t<\/div>\n\t\t\t\t<div class=\"elementor-element elementor-element-16ef14a7 elementor-widget elementor-widget-text-editor\" data-id=\"16ef14a7\" data-element_type=\"widget\" data-widget_type=\"text-editor.default\">\n\t\t\t\t<div class=\"elementor-widget-container\">\n\t\t\t\t\t\t\t\t\tJogurt pr\u00e1vem pat\u0159\u00ed na seznam zdrav\u00fdch potravin. V mnoha studi\u00edch se v\u011bdci shodli, \u017ee krom\u011b skv\u011bl\u00e9 chuti m\u00e1 b\u00edl\u00fd jogurt tak\u00e9 v\u00fdznam pro na\u0161e zdrav\u00ed. Jogurt je v\u00fdborn\u00fdm zdrojem v\u00e1pn\u00edku, kter\u00fd je pot\u0159ebn\u00fd pro tvorbu kost\u00ed, zub\u016f a spr\u00e1vnou funkci nervov\u00e9ho syst\u00e9mu. Krom\u011b v\u00e1pn\u00edku je jogurt tak\u00e9 zdrojem plnohodnotn\u00fdch b\u00edlkovin, kter\u00e9 jsou pot\u0159ebn\u00e9 pro na\u0161e svalstvo. D\u00e1le obsahuje vitam\u00edn D a p\u0159irozen\u011b se vyskytuj\u00edc\u00ed fosfor spolu s dal\u0161\u00edmi miner\u00e1ly d\u016fle\u017eit\u00fdmi pro n\u00e1\u0161 organismus. D\u00edky kyselin\u011b ml\u00e9\u010dn\u00e9 m\u00e1 jogurt pozitivn\u00ed vliv na st\u0159evn\u00ed mikrofl\u00f3ru a obsahuje mnoho \u017eiv\u00fdch kultur, kter\u00e9 p\u0159isp\u00edvaj\u00ed k lep\u0161\u00edmu tr\u00e1ven\u00ed a posilov\u00e1n\u00ed na\u0161\u00ed obranyschopnosti, a tak\u00e9 k lep\u0161\u00edmu vst\u0159eb\u00e1v\u00e1n\u00ed miner\u00e1l\u016f a vitam\u00edn\u016f.\t\t\t\t\t\t\t\t<\/div>\n\t\t\t\t<\/div>\n\t\t\t\t\t<\/div>\n\t\t<\/div>\n\t\t\t\t\t<\/div>\n\t\t<\/section>\n\t\t\t\t\t<\/div>\n\t\t<\/div>\n\t\t\t\t\t<\/div>\n\t\t<\/section>\n\t\t\t\t<section class=\"elementor-section elementor-top-section elementor-element elementor-element-79a5a64e elementor-section-boxed elementor-section-height-default elementor-section-height-default\" data-id=\"79a5a64e\" data-element_type=\"section\">\n\t\t\t\t\t\t<div class=\"elementor-container elementor-column-gap-default\">\n\t\t\t\t\t<div class=\"elementor-column elementor-col-100 elementor-top-column elementor-element elementor-element-6833147f\" data-id=\"6833147f\" data-element_type=\"column\">\n\t\t\t<div class=\"elementor-widget-wrap elementor-element-populated\">\n\t\t\t\t\t\t<section class=\"elementor-section elementor-inner-section elementor-element elementor-element-785e98b9 elementor-section-content-middle elementor-section-boxed elementor-section-height-default elementor-section-height-default\" data-id=\"785e98b9\" data-element_type=\"section\">\n\t\t\t\t\t\t<div class=\"elementor-container elementor-column-gap-wide\">\n\t\t\t\t\t<div class=\"elementor-column elementor-col-50 elementor-inner-column elementor-element elementor-element-34b4d933\" data-id=\"34b4d933\" data-element_type=\"column\">\n\t\t\t<div class=\"elementor-widget-wrap elementor-element-populated\">\n\t\t\t\t\t\t<div class=\"elementor-element elementor-element-214a0c1c elementor-widget elementor-widget-heading\" data-id=\"214a0c1c\" data-element_type=\"widget\" data-widget_type=\"heading.default\">\n\t\t\t\t<div class=\"elementor-widget-container\">\n\t\t\t\t\t<h5 class=\"elementor-heading-title elementor-size-default\">Jogurt je \u017eiv\u00fd<\/h5>\t\t\t\t<\/div>\n\t\t\t\t<\/div>\n\t\t\t\t<div class=\"elementor-element elementor-element-b5da841 elementor-widget elementor-widget-text-editor\" data-id=\"b5da841\" data-element_type=\"widget\" data-widget_type=\"text-editor.default\">\n\t\t\t\t<div class=\"elementor-widget-container\">\n\t\t\t\t\t\t\t\t\tNa\u0161e st\u0159evo je os\u00eddleno nespo\u010dtem &#8222;dobr\u00fdch&#8220; a &#8222;\u0161patn\u00fdch&#8220; bakteri\u00ed. Ka\u017ed\u00fd z n\u00e1s m\u00e1 jin\u00fd mikrobi\u00f3m, jin\u00fdmi slovy odli\u0161n\u00e9 mno\u017estv\u00ed a zastoupen\u00ed jednotliv\u00fdch druh\u016f bakteri\u00ed. Je to neutuchaj\u00edc\u00ed boj, a my sami m\u016f\u017eeme rozhodnout, jak\u00fd typ bakteri\u00ed podpo\u0159\u00edme. Ide\u00e1ln\u00edm stavem pro na\u0161e zdrav\u00ed je, kdy\u017e jsou ob\u011b skupiny v rovnov\u00e1ze. To m\u016f\u017eeme doc\u00edlit spr\u00e1vnou a vyv\u00e1\u017eenou stravou, v n\u00ed\u017e by nem\u011bl chyb\u011bt dostatek vl\u00e1kniny a fermentovan\u00fdch ml\u00e9\u010dn\u00fdch produkt\u016f. Vyh\u00fdbat bychom se naopak m\u011bli nevhodn\u00fdm tuk\u016fm a cukr\u016fm, \u010di velk\u00e9mu mno\u017estv\u00ed k\u00e1vy a alkoholu.\n\nA pr\u00e1v\u011b ve fermentovan\u00fdch ml\u00e9\u010dn\u00fdch produktech, jak\u00fdm je nap\u0159\u00edklad jogurt, najdeme zdrav\u00ed prosp\u011b\u0161n\u00e9 laktobacily, bifidobakterie a v p\u0159\u00edpad\u011b zna\u010dek Activia a Actimel i probiotick\u00e9 bakterie. Tyto mikroorganismy dok\u00e1\u017e\u00ed v na\u0161ich st\u0159evech doslova z\u00e1zraky \u2013 napom\u00e1haj\u00ed upev\u0148ovat st\u0159evn\u00ed mikrofl\u00f3ru, pom\u00e1haj\u00ed vytv\u00e1\u0159et nehostinn\u00e9 prost\u0159ed\u00ed pro choroboplodn\u00e9 mikroorganismy a posiluj\u00ed prosp\u011b\u0161nou mikrofl\u00f3ru.\t\t\t\t\t\t\t\t<\/div>\n\t\t\t\t<\/div>\n\t\t\t\t\t<\/div>\n\t\t<\/div>\n\t\t\t\t<div class=\"elementor-column elementor-col-50 elementor-inner-column elementor-element elementor-element-6838cabf elementor-invisible\" data-id=\"6838cabf\" data-element_type=\"column\" data-settings=\"{&quot;animation&quot;:&quot;fadeInRight&quot;}\">\n\t\t\t<div class=\"elementor-widget-wrap elementor-element-populated\">\n\t\t\t\t\t\t<div class=\"elementor-element elementor-element-461cb43c elementor-widget elementor-widget-image\" data-id=\"461cb43c\" data-element_type=\"widget\" data-fancybox=\"image\" data-widget_type=\"image.default\">\n\t\t\t\t<div class=\"elementor-widget-container\">\n\t\t\t\t\t\t\t\t\t\t\t\t\t\t\t<img decoding=\"async\" width=\"480\" height=\"380\" src=\"https:\/\/danone.cz\/web\/wp-content\/uploads\/sites\/2\/2020\/12\/jogurt-a-lidske-telo-2.jpg\" class=\"attachment-large size-large wp-image-192551\" alt=\"\" srcset=\"https:\/\/danone.cz\/web\/wp-content\/uploads\/sites\/2\/2020\/12\/jogurt-a-lidske-telo-2.jpg 480w, https:\/\/danone.cz\/web\/wp-content\/uploads\/sites\/2\/2020\/12\/jogurt-a-lidske-telo-2-300x238.jpg 300w, https:\/\/danone.cz\/web\/wp-content\/uploads\/sites\/2\/2020\/12\/jogurt-a-lidske-telo-2-200x158.jpg 200w\" sizes=\"(max-width: 480px) 100vw, 480px\" \/>\t\t\t\t\t\t\t\t\t\t\t\t\t\t\t<\/div>\n\t\t\t\t<\/div>\n\t\t\t\t\t<\/div>\n\t\t<\/div>\n\t\t\t\t\t<\/div>\n\t\t<\/section>\n\t\t\t\t\t<\/div>\n\t\t<\/div>\n\t\t\t\t\t<\/div>\n\t\t<\/section>\n\t\t\t\t<section class=\"elementor-section elementor-top-section elementor-element elementor-element-92fddae elementor-hidden-phone elementor-section-boxed elementor-section-height-default elementor-section-height-default\" data-id=\"92fddae\" data-element_type=\"section\">\n\t\t\t\t\t\t<div class=\"elementor-container elementor-column-gap-default\">\n\t\t\t\t\t<div class=\"elementor-column elementor-col-100 elementor-top-column elementor-element elementor-element-173a728\" data-id=\"173a728\" data-element_type=\"column\">\n\t\t\t<div class=\"elementor-widget-wrap elementor-element-populated\">\n\t\t\t\t\t\t<div class=\"elementor-element elementor-element-318cf56 elementor-widget elementor-widget-spacer\" data-id=\"318cf56\" data-element_type=\"widget\" data-widget_type=\"spacer.default\">\n\t\t\t\t<div class=\"elementor-widget-container\">\n\t\t\t\t\t\t\t<div class=\"elementor-spacer\">\n\t\t\t<div class=\"elementor-spacer-inner\"><\/div>\n\t\t<\/div>\n\t\t\t\t\t\t<\/div>\n\t\t\t\t<\/div>\n\t\t\t\t\t<\/div>\n\t\t<\/div>\n\t\t\t\t\t<\/div>\n\t\t<\/section>\n\t\t\t\t<section class=\"elementor-section elementor-top-section elementor-element elementor-element-f9498d0 elementor-section-boxed elementor-section-height-default elementor-section-height-default\" data-id=\"f9498d0\" data-element_type=\"section\">\n\t\t\t\t\t\t<div class=\"elementor-container elementor-column-gap-default\">\n\t\t\t\t\t<div class=\"elementor-column elementor-col-100 elementor-top-column elementor-element elementor-element-41b0a63\" data-id=\"41b0a63\" data-element_type=\"column\">\n\t\t\t<div class=\"elementor-widget-wrap elementor-element-populated\">\n\t\t\t\t\t\t<section class=\"elementor-section elementor-inner-section elementor-element elementor-element-f040569 elementor-section-content-middle elementor-reverse-mobile elementor-section-boxed elementor-section-height-default elementor-section-height-default\" data-id=\"f040569\" data-element_type=\"section\">\n\t\t\t\t\t\t<div class=\"elementor-container elementor-column-gap-wide\">\n\t\t\t\t\t<div class=\"elementor-column elementor-col-50 elementor-inner-column elementor-element elementor-element-c242d2e elementor-invisible\" data-id=\"c242d2e\" data-element_type=\"column\" data-settings=\"{&quot;animation&quot;:&quot;fadeInLeft&quot;}\">\n\t\t\t<div class=\"elementor-widget-wrap elementor-element-populated\">\n\t\t\t\t\t\t<div class=\"elementor-element elementor-element-e3780da elementor-widget elementor-widget-image\" data-id=\"e3780da\" data-element_type=\"widget\" data-fancybox=\"image\" data-widget_type=\"image.default\">\n\t\t\t\t<div class=\"elementor-widget-container\">\n\t\t\t\t\t\t\t\t\t\t\t\t\t\t\t<img decoding=\"async\" width=\"1024\" height=\"707\" src=\"https:\/\/danone.cz\/web\/wp-content\/uploads\/sites\/2\/2020\/12\/61-scaled-1024x707.jpg\" class=\"attachment-large size-large wp-image-192893\" alt=\"\" srcset=\"https:\/\/danone.cz\/web\/wp-content\/uploads\/sites\/2\/2020\/12\/61-scaled-1024x707.jpg 1024w, https:\/\/danone.cz\/web\/wp-content\/uploads\/sites\/2\/2020\/12\/61-scaled-300x207.jpg 300w, https:\/\/danone.cz\/web\/wp-content\/uploads\/sites\/2\/2020\/12\/61-scaled-768x530.jpg 768w, https:\/\/danone.cz\/web\/wp-content\/uploads\/sites\/2\/2020\/12\/61-scaled-1536x1061.jpg 1536w, https:\/\/danone.cz\/web\/wp-content\/uploads\/sites\/2\/2020\/12\/61-scaled-2048x1414.jpg 2048w, https:\/\/danone.cz\/web\/wp-content\/uploads\/sites\/2\/2020\/12\/61-scaled-200x138.jpg 200w, https:\/\/danone.cz\/web\/wp-content\/uploads\/sites\/2\/2020\/12\/61-scaled.jpg 1920w\" sizes=\"(max-width: 1024px) 100vw, 1024px\" \/>\t\t\t\t\t\t\t\t\t\t\t\t\t\t\t<\/div>\n\t\t\t\t<\/div>\n\t\t\t\t\t<\/div>\n\t\t<\/div>\n\t\t\t\t<div class=\"elementor-column elementor-col-50 elementor-inner-column elementor-element elementor-element-3aab1c3\" data-id=\"3aab1c3\" data-element_type=\"column\">\n\t\t\t<div class=\"elementor-widget-wrap elementor-element-populated\">\n\t\t\t\t\t\t<div class=\"elementor-element elementor-element-6284017 elementor-widget elementor-widget-heading\" data-id=\"6284017\" data-element_type=\"widget\" data-widget_type=\"heading.default\">\n\t\t\t\t<div class=\"elementor-widget-container\">\n\t\t\t\t\t<h5 class=\"elementor-heading-title elementor-size-default\">Intolerance lakt\u00f3zy<\/h5>\t\t\t\t<\/div>\n\t\t\t\t<\/div>\n\t\t\t\t<div class=\"elementor-element elementor-element-d7334d1 elementor-widget elementor-widget-text-editor\" data-id=\"d7334d1\" data-element_type=\"widget\" data-widget_type=\"text-editor.default\">\n\t\t\t\t<div class=\"elementor-widget-container\">\n\t\t\t\t\t\t\t\t\t<p>P\u0159ibli\u017en\u011b 10-15% \u010desk\u00e9 populace trp\u00ed metabolickou poruchou zvanou intolerance lakt\u00f3zy. Tito lid\u00e9 se vyh\u00fdbaj\u00ed, velmi \u010dasto pod vlivem ne v\u017edy pravdiv\u00fdch informac\u00ed, konzumaci v\u0161ech ml\u00e9\u010dn\u00fdch v\u00fdrobk\u016f. P\u0159\u00ed\u010dinou jejich pot\u00ed\u017e\u00ed je skute\u010dnost, \u017ee nejsou schopni vyu\u017e\u00edt ml\u00e9\u010dn\u00fd cukr lakt\u00f3zu, proto\u017ee jejich t\u011blo neprodukuje pot\u0159ebn\u00fd enzym nazvan\u00fd lakt\u00e1za. V d\u016fsledku toho se lakt\u00f3za dost\u00e1v\u00e1 nestr\u00e1ven\u00e1 do st\u0159eva, co\u017e u t\u011bchto lid\u00ed zp\u016fsobuje st\u0159evn\u00ed koliky, pr\u016fjmy a zvracen\u00ed.<\/p><p>Jogurty jsou vhodnou alternativou konzumace ml\u00e9ka u takto posti\u017een\u00fdch lid\u00ed. Jogurtov\u00e9 kultury toti\u017e produkuj\u00ed enzym lakt\u00e1za, kter\u00fd ji\u017e v samotn\u00e9m jogurtu \u0161t\u011bp\u00ed lakt\u00f3zu na gluk\u00f3zu a galakt\u00f3zu. N\u00e1sledn\u011b jsou tyto jednoduch\u00e9 cukry p\u0159em\u011bn\u011bny na kyselinu ml\u00e9\u010dnou.<br \/>Jogurtov\u00e9 kultury proto p\u0159isp\u00edvaj\u00ed tr\u00e1ven\u00ed lakt\u00f3zy z v\u00fdrobku u osob, kter\u00e9 lakt\u00f3zu \u0161patn\u011b tr\u00e1v\u00ed. Nav\u00edc kyselina ml\u00e9\u010dn\u00e1, kter\u00e1 vznik\u00e1 p\u0159irozen\u011b b\u011bhem fermentace, ochr\u00e1n\u00ed jogurt p\u0159ed r\u016fstem ne\u017e\u00e1douc\u00edch mikroorganism\u016f.<\/p>\t\t\t\t\t\t\t\t<\/div>\n\t\t\t\t<\/div>\n\t\t\t\t\t<\/div>\n\t\t<\/div>\n\t\t\t\t\t<\/div>\n\t\t<\/section>\n\t\t\t\t\t<\/div>\n\t\t<\/div>\n\t\t\t\t\t<\/div>\n\t\t<\/section>\n\t\t\t\t<section class=\"elementor-section elementor-top-section elementor-element elementor-element-35887be elementor-section-boxed elementor-section-height-default elementor-section-height-default\" data-id=\"35887be\" data-element_type=\"section\">\n\t\t\t\t\t\t<div class=\"elementor-container elementor-column-gap-default\">\n\t\t\t\t\t<div class=\"elementor-column elementor-col-100 elementor-top-column elementor-element elementor-element-4533810\" data-id=\"4533810\" data-element_type=\"column\">\n\t\t\t<div class=\"elementor-widget-wrap elementor-element-populated\">\n\t\t\t\t\t\t<div class=\"elementor-element elementor-element-a5c5ada elementor-widget elementor-widget-spacer\" data-id=\"a5c5ada\" data-element_type=\"widget\" data-widget_type=\"spacer.default\">\n\t\t\t\t<div class=\"elementor-widget-container\">\n\t\t\t\t\t\t\t<div class=\"elementor-spacer\">\n\t\t\t<div class=\"elementor-spacer-inner\"><\/div>\n\t\t<\/div>\n\t\t\t\t\t\t<\/div>\n\t\t\t\t<\/div>\n\t\t\t\t\t<\/div>\n\t\t<\/div>\n\t\t\t\t\t<\/div>\n\t\t<\/section>\n\t\t\t\t<section class=\"elementor-section elementor-top-section elementor-element elementor-element-3d05bfb elementor-section-boxed elementor-section-height-default elementor-section-height-default\" data-id=\"3d05bfb\" data-element_type=\"section\">\n\t\t\t\t\t\t<div class=\"elementor-container elementor-column-gap-default\">\n\t\t\t\t\t<div class=\"elementor-column elementor-col-100 elementor-top-column elementor-element elementor-element-b4ea3a5\" data-id=\"b4ea3a5\" data-element_type=\"column\">\n\t\t\t<div class=\"elementor-widget-wrap elementor-element-populated\">\n\t\t\t\t\t\t<div class=\"elementor-element elementor-element-2f7d0f4 elementor-widget elementor-widget-heading\" data-id=\"2f7d0f4\" data-element_type=\"widget\" data-widget_type=\"heading.default\">\n\t\t\t\t<div class=\"elementor-widget-container\">\n\t\t\t\t\t<h2 class=\"elementor-heading-title elementor-size-default\">Na\u0161e ml\u00e9\u010dn\u00e9 produkty<\/h2>\t\t\t\t<\/div>\n\t\t\t\t<\/div>\n\t\t\t\t\t<\/div>\n\t\t<\/div>\n\t\t\t\t\t<\/div>\n\t\t<\/section>\n\t\t\t\t<section class=\"elementor-section elementor-top-section elementor-element elementor-element-879b7e1 safari-fix-bg elementor-section-boxed elementor-section-height-default elementor-section-height-default elementor-invisible\" data-id=\"879b7e1\" data-element_type=\"section\" data-settings=\"{&quot;background_background&quot;:&quot;gradient&quot;,&quot;animation&quot;:&quot;fadeIn&quot;}\">\n\t\t\t\t\t\t<div class=\"elementor-container elementor-column-gap-default\">\n\t\t\t\t\t<div class=\"elementor-column elementor-col-100 elementor-top-column elementor-element elementor-element-9acb469\" data-id=\"9acb469\" data-element_type=\"column\">\n\t\t\t<div class=\"elementor-widget-wrap elementor-element-populated\">\n\t\t\t\t\t\t\t<\/div>\n\t\t<\/div>\n\t\t\t\t\t<\/div>\n\t\t<\/section>\n\t\t\t\t<section class=\"elementor-section elementor-top-section elementor-element elementor-element-ee44b35 elementor-section-boxed elementor-section-height-default elementor-section-height-default\" data-id=\"ee44b35\" data-element_type=\"section\">\n\t\t\t\t\t\t<div class=\"elementor-container elementor-column-gap-default\">\n\t\t\t\t\t<div class=\"elementor-column elementor-col-100 elementor-top-column elementor-element elementor-element-5de1013\" data-id=\"5de1013\" data-element_type=\"column\">\n\t\t\t<div class=\"elementor-widget-wrap elementor-element-populated\">\n\t\t\t\t\t\t<div class=\"elementor-element elementor-element-543243c elementor-widget elementor-widget-spacer\" data-id=\"543243c\" data-element_type=\"widget\" data-widget_type=\"spacer.default\">\n\t\t\t\t<div class=\"elementor-widget-container\">\n\t\t\t\t\t\t\t<div class=\"elementor-spacer\">\n\t\t\t<div class=\"elementor-spacer-inner\"><\/div>\n\t\t<\/div>\n\t\t\t\t\t\t<\/div>\n\t\t\t\t<\/div>\n\t\t\t\t\t<\/div>\n\t\t<\/div>\n\t\t\t\t\t<\/div>\n\t\t<\/section>\n\t\t\t\t<\/div>\n\t\t","protected":false},"excerpt":{"rendered":"<p>Jogurt a lidsk\u00e9 t\u011blo Pro\u010d si d\u00e1t alespo\u0148 jeden jogurt denn\u011b? Jogurt pr\u00e1vem pat\u0159\u00ed na seznam zdrav\u00fdch potravin. V mnoha studi\u00edch se v\u011bdci shodli, \u017ee krom\u011b skv\u011bl\u00e9 chuti m\u00e1 b\u00edl\u00fd jogurt tak\u00e9 v\u00fdznam pro na\u0161e zdrav\u00ed. Jogurt je v\u00fdborn\u00fdm zdrojem v\u00e1pn\u00edku, kter\u00fd je pot\u0159ebn\u00fd pro tvorbu kost\u00ed, zub\u016f a spr\u00e1vnou funkci nervov\u00e9ho syst\u00e9mu. Krom\u011b v\u00e1pn\u00edku [&hellip;]<\/p>\n","protected":false},"author":1,"featured_media":192891,"parent":192517,"menu_order":0,"comment_status":"open","ping_status":"closed","template":"","meta":{"footnotes":""},"class_list":["post-192546","page","type-page","status-publish","has-post-thumbnail","hentry"],"acf":[],"_links":{"self":[{"href":"https:\/\/danone.cz\/web\/wp-json\/wp\/v2\/pages\/192546","targetHints":{"allow":["GET"]}}],"collection":[{"href":"https:\/\/danone.cz\/web\/wp-json\/wp\/v2\/pages"}],"about":[{"href":"https:\/\/danone.cz\/web\/wp-json\/wp\/v2\/types\/page"}],"author":[{"embeddable":true,"href":"https:\/\/danone.cz\/web\/wp-json\/wp\/v2\/users\/1"}],"replies":[{"embeddable":true,"href":"https:\/\/danone.cz\/web\/wp-json\/wp\/v2\/comments?post=192546"}],"version-history":[{"count":5,"href":"https:\/\/danone.cz\/web\/wp-json\/wp\/v2\/pages\/192546\/revisions"}],"predecessor-version":[{"id":192894,"href":"https:\/\/danone.cz\/web\/wp-json\/wp\/v2\/pages\/192546\/revisions\/192894"}],"up":[{"embeddable":true,"href":"https:\/\/danone.cz\/web\/wp-json\/wp\/v2\/pages\/192517"}],"wp:featuredmedia":[{"embeddable":true,"href":"https:\/\/danone.cz\/web\/wp-json\/wp\/v2\/media\/192891"}],"wp:attachment":[{"href":"https:\/\/danone.cz\/web\/wp-json\/wp\/v2\/media?parent=192546"}],"curies":[{"name":"wp","href":"https:\/\/api.w.org\/{rel}","templated":true}]}}