{"id":192537,"date":"2020-12-01T23:58:10","date_gmt":"2020-12-01T22:58:10","guid":{"rendered":"https:\/\/danone-edp.test\/?page_id=192537"},"modified":"2021-03-31T14:38:42","modified_gmt":"2021-03-31T12:38:42","slug":"mleko-a-mlecne-vyrobky-ve-vyzive","status":"publish","type":"page","link":"https:\/\/danone.cz\/web\/o-jogurtu\/mleko-a-mlecne-vyrobky-ve-vyzive\/","title":{"rendered":"Ml\u00e9ko a ml\u00e9\u010dn\u00e9 v\u00fdrobky ve v\u00fd\u017eiv\u011b"},"content":{"rendered":"\t\t<div data-elementor-type=\"wp-post\" data-elementor-id=\"192537\" class=\"elementor elementor-192537\" data-elementor-post-type=\"page\">\n\t\t\t\t\t\t<section class=\"elementor-section elementor-top-section elementor-element elementor-element-54949f3f elementor-section-boxed elementor-section-height-default elementor-section-height-default\" data-id=\"54949f3f\" data-element_type=\"section\">\n\t\t\t\t\t\t<div class=\"elementor-container elementor-column-gap-default\">\n\t\t\t\t\t<div class=\"elementor-column elementor-col-100 elementor-top-column elementor-element elementor-element-183077b\" data-id=\"183077b\" data-element_type=\"column\">\n\t\t\t<div class=\"elementor-widget-wrap elementor-element-populated\">\n\t\t\t\t\t\t<div class=\"elementor-element elementor-element-7f245c54 elementor-widget elementor-widget-heading\" data-id=\"7f245c54\" data-element_type=\"widget\" data-widget_type=\"heading.default\">\n\t\t\t\t<div class=\"elementor-widget-container\">\n\t\t\t\t\t<h1 class=\"elementor-heading-title elementor-size-default\">Ml\u00e9ko a ml\u00e9\u010dn\u00e9 v\u00fdrobky ve v\u00fd\u017eiv\u011b<\/h1>\t\t\t\t<\/div>\n\t\t\t\t<\/div>\n\t\t\t\t\t<\/div>\n\t\t<\/div>\n\t\t\t\t\t<\/div>\n\t\t<\/section>\n\t\t\t\t<section class=\"elementor-section elementor-top-section elementor-element elementor-element-ad69c5b elementor-section-boxed elementor-section-height-default elementor-section-height-default\" data-id=\"ad69c5b\" data-element_type=\"section\">\n\t\t\t\t\t\t<div class=\"elementor-container elementor-column-gap-default\">\n\t\t\t\t\t<div class=\"elementor-column elementor-col-100 elementor-top-column elementor-element elementor-element-66d4492\" data-id=\"66d4492\" data-element_type=\"column\">\n\t\t\t<div class=\"elementor-widget-wrap elementor-element-populated\">\n\t\t\t\t\t\t<div class=\"elementor-element elementor-element-3bd6496 elementor-widget elementor-widget-text-editor\" data-id=\"3bd6496\" data-element_type=\"widget\" data-widget_type=\"text-editor.default\">\n\t\t\t\t<div class=\"elementor-widget-container\">\n\t\t\t\t\t\t\t\t\tMl\u00e9ko a ml\u00e9\u010dn\u00e9 v\u00fdrobky by m\u011bly b\u00fdt sou\u010d\u00e1st\u00ed na\u0161eho ka\u017edodenn\u00edho stravov\u00e1n\u00ed\t\t\t\t\t\t\t\t<\/div>\n\t\t\t\t<\/div>\n\t\t\t\t<div class=\"elementor-element elementor-element-26bc879 elementor-widget elementor-widget-spacer\" data-id=\"26bc879\" data-element_type=\"widget\" data-widget_type=\"spacer.default\">\n\t\t\t\t<div class=\"elementor-widget-container\">\n\t\t\t\t\t\t\t<div class=\"elementor-spacer\">\n\t\t\t<div class=\"elementor-spacer-inner\"><\/div>\n\t\t<\/div>\n\t\t\t\t\t\t<\/div>\n\t\t\t\t<\/div>\n\t\t\t\t<div class=\"elementor-element elementor-element-e994264 elementor-widget elementor-widget-text-editor\" data-id=\"e994264\" data-element_type=\"widget\" data-widget_type=\"text-editor.default\">\n\t\t\t\t<div class=\"elementor-widget-container\">\n\t\t\t\t\t\t\t\t\t<p>Podle aktu\u00e1ln\u00edch \u010desk\u00fdch v\u00fd\u017eivov\u00fdch doporu\u010den\u00ed, bychom m\u011bli denn\u011b zkonzumovat 2-3 porce ml\u00e9\u010dn\u00fdch v\u00fdrobk\u016f.<\/p><p>Za jednu porci se pova\u017euje sklenici ml\u00e9ka,kel\u00edmek jogurtu, 3 l\u017e\u00edce m\u011bkk\u00e9ho s\u00fdra nebo hrudka tvrd\u00e9ho s\u00fdra.<\/p>\t\t\t\t\t\t\t\t<\/div>\n\t\t\t\t<\/div>\n\t\t\t\t<div class=\"elementor-element elementor-element-f36020d elementor-invisible elementor-widget elementor-widget-image\" data-id=\"f36020d\" data-element_type=\"widget\" data-settings=\"{&quot;_animation&quot;:&quot;zoomIn&quot;}\" data-fancybox=\"image\" data-widget_type=\"image.default\">\n\t\t\t\t<div class=\"elementor-widget-container\">\n\t\t\t\t\t\t\t\t\t\t\t\t\t\t\t<img fetchpriority=\"high\" decoding=\"async\" width=\"1191\" height=\"842\" src=\"https:\/\/danone.cz\/web\/wp-content\/uploads\/sites\/2\/2021\/03\/topPyramida_pro-moderni-cesko_A3_2020_final_ver.201127_FINAL.jpg\" class=\"attachment-1536x1536 size-1536x1536 wp-image-193171\" alt=\"\" srcset=\"https:\/\/danone.cz\/web\/wp-content\/uploads\/sites\/2\/2021\/03\/topPyramida_pro-moderni-cesko_A3_2020_final_ver.201127_FINAL.jpg 1191w, https:\/\/danone.cz\/web\/wp-content\/uploads\/sites\/2\/2021\/03\/topPyramida_pro-moderni-cesko_A3_2020_final_ver.201127_FINAL-300x212.jpg 300w, https:\/\/danone.cz\/web\/wp-content\/uploads\/sites\/2\/2021\/03\/topPyramida_pro-moderni-cesko_A3_2020_final_ver.201127_FINAL-1024x724.jpg 1024w, https:\/\/danone.cz\/web\/wp-content\/uploads\/sites\/2\/2021\/03\/topPyramida_pro-moderni-cesko_A3_2020_final_ver.201127_FINAL-768x543.jpg 768w, https:\/\/danone.cz\/web\/wp-content\/uploads\/sites\/2\/2021\/03\/topPyramida_pro-moderni-cesko_A3_2020_final_ver.201127_FINAL-200x141.jpg 200w\" sizes=\"(max-width: 1191px) 100vw, 1191px\" \/>\t\t\t\t\t\t\t\t\t\t\t\t\t\t\t<\/div>\n\t\t\t\t<\/div>\n\t\t\t\t<div class=\"elementor-element elementor-element-c9f35eb elementor-widget elementor-widget-spacer\" data-id=\"c9f35eb\" data-element_type=\"widget\" data-widget_type=\"spacer.default\">\n\t\t\t\t<div class=\"elementor-widget-container\">\n\t\t\t\t\t\t\t<div class=\"elementor-spacer\">\n\t\t\t<div class=\"elementor-spacer-inner\"><\/div>\n\t\t<\/div>\n\t\t\t\t\t\t<\/div>\n\t\t\t\t<\/div>\n\t\t\t\t<div class=\"elementor-element elementor-element-b18ad60 elementor-widget elementor-widget-text-editor\" data-id=\"b18ad60\" data-element_type=\"widget\" data-widget_type=\"text-editor.default\">\n\t\t\t\t<div class=\"elementor-widget-container\">\n\t\t\t\t\t\t\t\t\t\u010c\u00edm ml\u00e9\u010dn\u00e9 v\u00fdrobky prosp\u00edvaj\u00ed na\u0161emu organismu? Jsou p\u0159edev\u0161\u00edm zdrojem v\u00e1pn\u00edku a b\u00edlkovin.\t\t\t\t\t\t\t\t<\/div>\n\t\t\t\t<\/div>\n\t\t\t\t<div class=\"elementor-element elementor-element-263054d elementor-widget elementor-widget-text-editor\" data-id=\"263054d\" data-element_type=\"widget\" data-widget_type=\"text-editor.default\">\n\t\t\t\t<div class=\"elementor-widget-container\">\n\t\t\t\t\t\t\t\t\t<p>Ml\u00e9\u010dn\u00e9 v\u00fdrobky obsahuj\u00ed v\u00e1pn\u00edk, kter\u00fd je pot\u0159ebn\u00fd pro udr\u017een\u00ed norm\u00e1ln\u00edho stavu zub\u016f, kost\u00ed a p\u0159isp\u00edv\u00e1 k norm\u00e1ln\u00ed \u010dinnosti sval\u016f a funkci nervov\u00e9ho syst\u00e9mu. V\u00e1pn\u00edk je samoz\u0159ejm\u011b mo\u017en\u00e9 p\u0159ij\u00edmat v r\u016fzn\u00fdch form\u00e1ch, ale v sou\u010dasn\u00e9 dob\u011b se m\u00e1lo zd\u016fraz\u0148uje, \u017ee pro lidsk\u00fd organismus je nejl\u00e9pe vst\u0159ebateln\u00fd, a tedy vyu\u017eiteln\u00fd, pr\u00e1v\u011b v\u00e1pn\u00edk p\u0159irozen\u011b se vyskytuj\u00edc\u00ed v ml\u00e9\u010dn\u00fdch v\u00fdrobc\u00edch.<br \/><br \/><\/p><p>B\u00edlkoviny jsou jednou z nejd\u016fle\u017eit\u011bj\u0161\u00edch nutri\u010dn\u00edch slo\u017eek ml\u00e9ka a ml\u00e9\u010dn\u00fdch v\u00fdrobk\u016f. Ml\u00e9\u010dn\u00e9 b\u00edlkoviny obsahuj\u00ed 18 z 22 zn\u00e1m\u00fdch esenci\u00e1ln\u00edch aminokyselin, pot\u0159ebn\u00fdch na stavbu a udr\u017eov\u00e1n\u00ed lidsk\u00e9ho organismu, a kter\u00e9 si organismus nedok\u00e1\u017ee vyrobit s\u00e1m. B\u00edlkoviny jsou z\u00e1kladn\u00ed stavebn\u00ed jednotkou t\u011bla, d\u00edky nim je mo\u017en\u00e9 budovat pevn\u00e9 svalstvo a maj\u00ed mimo\u0159\u00e1dn\u00fd v\u00fdznam pro obranyschopnost na\u0161eho organizmu.<\/p>\t\t\t\t\t\t\t\t<\/div>\n\t\t\t\t<\/div>\n\t\t\t\t\t<\/div>\n\t\t<\/div>\n\t\t\t\t\t<\/div>\n\t\t<\/section>\n\t\t\t\t<section class=\"elementor-section elementor-top-section elementor-element elementor-element-a2646e6 elementor-section-boxed elementor-section-height-default elementor-section-height-default\" data-id=\"a2646e6\" data-element_type=\"section\">\n\t\t\t\t\t\t<div class=\"elementor-container elementor-column-gap-default\">\n\t\t\t\t\t<div class=\"elementor-column elementor-col-100 elementor-top-column elementor-element elementor-element-813d7c2\" data-id=\"813d7c2\" data-element_type=\"column\">\n\t\t\t<div class=\"elementor-widget-wrap elementor-element-populated\">\n\t\t\t\t\t\t<div class=\"elementor-element elementor-element-d594d9e elementor-widget elementor-widget-spacer\" data-id=\"d594d9e\" data-element_type=\"widget\" data-widget_type=\"spacer.default\">\n\t\t\t\t<div class=\"elementor-widget-container\">\n\t\t\t\t\t\t\t<div class=\"elementor-spacer\">\n\t\t\t<div class=\"elementor-spacer-inner\"><\/div>\n\t\t<\/div>\n\t\t\t\t\t\t<\/div>\n\t\t\t\t<\/div>\n\t\t\t\t\t<\/div>\n\t\t<\/div>\n\t\t\t\t\t<\/div>\n\t\t<\/section>\n\t\t\t\t<section class=\"elementor-section elementor-top-section elementor-element elementor-element-89af55b elementor-section-boxed elementor-section-height-default elementor-section-height-default\" data-id=\"89af55b\" data-element_type=\"section\">\n\t\t\t\t\t\t<div class=\"elementor-container elementor-column-gap-default\">\n\t\t\t\t\t<div class=\"elementor-column elementor-col-100 elementor-top-column elementor-element elementor-element-2cce92e\" data-id=\"2cce92e\" data-element_type=\"column\">\n\t\t\t<div class=\"elementor-widget-wrap elementor-element-populated\">\n\t\t\t\t\t\t<div class=\"elementor-element elementor-element-331d152 elementor-widget elementor-widget-heading\" data-id=\"331d152\" data-element_type=\"widget\" data-widget_type=\"heading.default\">\n\t\t\t\t<div class=\"elementor-widget-container\">\n\t\t\t\t\t<h2 class=\"elementor-heading-title elementor-size-default\">Na\u0161e ml\u00e9\u010dn\u00e9 produkty<\/h2>\t\t\t\t<\/div>\n\t\t\t\t<\/div>\n\t\t\t\t\t<\/div>\n\t\t<\/div>\n\t\t\t\t\t<\/div>\n\t\t<\/section>\n\t\t\t\t<section class=\"elementor-section elementor-top-section elementor-element elementor-element-c262a1e safari-fix-bg elementor-section-boxed elementor-section-height-default elementor-section-height-default elementor-invisible\" data-id=\"c262a1e\" data-element_type=\"section\" data-settings=\"{&quot;background_background&quot;:&quot;gradient&quot;,&quot;animation&quot;:&quot;fadeIn&quot;}\">\n\t\t\t\t\t\t<div class=\"elementor-container elementor-column-gap-default\">\n\t\t\t\t\t<div class=\"elementor-column elementor-col-100 elementor-top-column elementor-element elementor-element-0e46afd\" data-id=\"0e46afd\" data-element_type=\"column\">\n\t\t\t<div class=\"elementor-widget-wrap elementor-element-populated\">\n\t\t\t\t\t\t\t<\/div>\n\t\t<\/div>\n\t\t\t\t\t<\/div>\n\t\t<\/section>\n\t\t\t\t<section class=\"elementor-section elementor-top-section elementor-element elementor-element-f5fbd13 elementor-section-boxed elementor-section-height-default elementor-section-height-default\" data-id=\"f5fbd13\" data-element_type=\"section\">\n\t\t\t\t\t\t<div class=\"elementor-container elementor-column-gap-default\">\n\t\t\t\t\t<div class=\"elementor-column elementor-col-100 elementor-top-column elementor-element elementor-element-d043438\" data-id=\"d043438\" data-element_type=\"column\">\n\t\t\t<div class=\"elementor-widget-wrap elementor-element-populated\">\n\t\t\t\t\t\t<div class=\"elementor-element elementor-element-441ad65 elementor-widget elementor-widget-spacer\" data-id=\"441ad65\" data-element_type=\"widget\" data-widget_type=\"spacer.default\">\n\t\t\t\t<div class=\"elementor-widget-container\">\n\t\t\t\t\t\t\t<div class=\"elementor-spacer\">\n\t\t\t<div class=\"elementor-spacer-inner\"><\/div>\n\t\t<\/div>\n\t\t\t\t\t\t<\/div>\n\t\t\t\t<\/div>\n\t\t\t\t\t<\/div>\n\t\t<\/div>\n\t\t\t\t\t<\/div>\n\t\t<\/section>\n\t\t\t\t<\/div>\n\t\t","protected":false},"excerpt":{"rendered":"<p>Ml\u00e9ko a ml\u00e9\u010dn\u00e9 v\u00fdrobky ve v\u00fd\u017eiv\u011b Ml\u00e9ko a ml\u00e9\u010dn\u00e9 v\u00fdrobky by m\u011bly b\u00fdt sou\u010d\u00e1st\u00ed na\u0161eho ka\u017edodenn\u00edho stravov\u00e1n\u00ed Podle aktu\u00e1ln\u00edch \u010desk\u00fdch v\u00fd\u017eivov\u00fdch doporu\u010den\u00ed, bychom m\u011bli denn\u011b zkonzumovat 2-3 porce ml\u00e9\u010dn\u00fdch v\u00fdrobk\u016f. Za jednu porci se pova\u017euje sklenici ml\u00e9ka,kel\u00edmek jogurtu, 3 l\u017e\u00edce m\u011bkk\u00e9ho s\u00fdra nebo hrudka tvrd\u00e9ho s\u00fdra. \u010c\u00edm ml\u00e9\u010dn\u00e9 v\u00fdrobky prosp\u00edvaj\u00ed na\u0161emu organismu? Jsou p\u0159edev\u0161\u00edm zdrojem [&hellip;]<\/p>\n","protected":false},"author":1,"featured_media":192889,"parent":192517,"menu_order":0,"comment_status":"open","ping_status":"closed","template":"","meta":{"footnotes":""},"class_list":["post-192537","page","type-page","status-publish","has-post-thumbnail","hentry"],"acf":[],"_links":{"self":[{"href":"https:\/\/danone.cz\/web\/wp-json\/wp\/v2\/pages\/192537","targetHints":{"allow":["GET"]}}],"collection":[{"href":"https:\/\/danone.cz\/web\/wp-json\/wp\/v2\/pages"}],"about":[{"href":"https:\/\/danone.cz\/web\/wp-json\/wp\/v2\/types\/page"}],"author":[{"embeddable":true,"href":"https:\/\/danone.cz\/web\/wp-json\/wp\/v2\/users\/1"}],"replies":[{"embeddable":true,"href":"https:\/\/danone.cz\/web\/wp-json\/wp\/v2\/comments?post=192537"}],"version-history":[{"count":5,"href":"https:\/\/danone.cz\/web\/wp-json\/wp\/v2\/pages\/192537\/revisions"}],"predecessor-version":[{"id":193174,"href":"https:\/\/danone.cz\/web\/wp-json\/wp\/v2\/pages\/192537\/revisions\/193174"}],"up":[{"embeddable":true,"href":"https:\/\/danone.cz\/web\/wp-json\/wp\/v2\/pages\/192517"}],"wp:featuredmedia":[{"embeddable":true,"href":"https:\/\/danone.cz\/web\/wp-json\/wp\/v2\/media\/192889"}],"wp:attachment":[{"href":"https:\/\/danone.cz\/web\/wp-json\/wp\/v2\/media?parent=192537"}],"curies":[{"name":"wp","href":"https:\/\/api.w.org\/{rel}","templated":true}]}}